{"id":1320,"date":"2020-02-13T14:38:27","date_gmt":"2020-02-13T11:38:27","guid":{"rendered":"https:\/\/www.apolloblue.gr\/accommodation\/"},"modified":"2020-11-24T14:15:23","modified_gmt":"2020-11-24T11:15:23","slug":"accommodation","status":"publish","type":"page","link":"https:\/\/www.apolloblue.gr\/de\/accommodation\/","title":{"rendered":"Unterkunft"},"content":{"rendered":"<p>Entspannen Sie sich in der geschmackvollen Umgebung, die unsere luxuri\u00f6se Unterkunft auf Rhodos, Griechenland bietet. Lassen Sie das Gef\u00fchl der Gelassenheit noch ein wenig hier verweilen, in der Zur\u00fcckgezogenheit unserer elegant dekorierten Zimmer &amp; Suiten, die dazu entworfen wurden, um Ihnen die gr\u00f6\u00dftm\u00f6gliche Bequemlichkeit und Freude anzubieten.<\/p>\n<p>Wachen Sie verj\u00fcngt auf und begr\u00fc\u00dfen Sie den herrlichen Morgen, indem Sie die Gardinen aufmachen und die anregende Aussicht auf unsere Au\u00dfenanlagen bewundern.<br \/>\nW\u00e4hlen Sie Ihre pers\u00f6nliche Urlaubszuflucht aus unseren erlesenen, luxuri\u00f6sen Unterkunftsm\u00f6glichkeiten aus, die Ihnen Alles anbieten, was Sie f\u00fcr einen hervorragenden Aufenthalt auf Rhodos brauchen.<\/p>\n","protected":false},"excerpt":{"rendered":"<p>Entspannen Sie sich in der geschmackvollen Umgebung, die unsere luxuri\u00f6se Unterkunft auf Rhodos, Griechenland bietet. Lassen Sie das Gef\u00fchl der Gelassenheit noch ein wenig hier<\/p>\n","protected":false},"author":1,"featured_media":1039,"parent":0,"menu_order":0,"comment_status":"closed","ping_status":"closed","template":"page-templates\/simple-list.php","meta":{"_acf_changed":false,"footnotes":""},"class_list":["post-1320","page","type-page","status-publish","has-post-thumbnail","hentry"],"acf":[],"yoast_head":"<!-- This site is optimized with the Yoast SEO plugin v27.4 - https:\/\/yoast.com\/product\/yoast-seo-wordpress\/ -->\n<title>Luxusunterkunft Rhodos Griechenland | Apollo Blue Resort<\/title>\n<meta name=\"description\" content=\"Entspannen Sie sich in der geschmackvollen Umgebung, die unsere luxuri\u00f6se Unterkunft auf Rhodos, Griechenland bietet.\" \/>\n<meta name=\"robots\" content=\"index, follow, max-snippet:-1, max-image-preview:large, max-video-preview:-1\" \/>\n<link rel=\"canonical\" href=\"https:\/\/www.apolloblue.gr\/de\/accommodation\/\" \/>\n<meta property=\"og:locale\" content=\"de_DE\" \/>\n<meta property=\"og:type\" content=\"article\" \/>\n<meta property=\"og:title\" content=\"Luxusunterkunft Rhodos Griechenland | Apollo Blue Resort\" \/>\n<meta property=\"og:description\" content=\"Entspannen Sie sich in der geschmackvollen Umgebung, die unsere luxuri\u00f6se Unterkunft auf Rhodos, Griechenland bietet.\" \/>\n<meta property=\"og:url\" content=\"https:\/\/www.apolloblue.gr\/de\/accommodation\/\" \/>\n<meta property=\"og:site_name\" content=\"Apollo Blue Hotel\" \/>\n<meta property=\"article:modified_time\" content=\"2020-11-24T11:15:23+00:00\" \/>\n<meta property=\"og:image\" content=\"https:\/\/www.apolloblue.gr\/app\/uploads\/sites\/45\/2020\/02\/junior-suite-private-pool-gv_resized.jpg\" \/>\n\t<meta property=\"og:image:width\" content=\"1920\" \/>\n\t<meta property=\"og:image:height\" content=\"1080\" \/>\n\t<meta property=\"og:image:type\" content=\"image\/jpeg\" \/>\n<meta name=\"twitter:card\" content=\"summary_large_image\" \/>\n<meta name=\"twitter:label1\" content=\"Gesch\u00e4tzte Lesezeit\" \/>\n\t<meta name=\"twitter:data1\" content=\"1\u00a0Minute\" \/>\n<!-- \/ Yoast SEO plugin. -->","yoast_head_json":{"title":"Luxusunterkunft Rhodos Griechenland | Apollo Blue Resort","description":"Entspannen Sie sich in der geschmackvollen Umgebung, die unsere luxuri\u00f6se Unterkunft auf Rhodos, Griechenland bietet.","robots":{"index":"index","follow":"follow","max-snippet":"max-snippet:-1","max-image-preview":"max-image-preview:large","max-video-preview":"max-video-preview:-1"},"canonical":"https:\/\/www.apolloblue.gr\/de\/accommodation\/","og_locale":"de_DE","og_type":"article","og_title":"Luxusunterkunft Rhodos Griechenland | Apollo Blue Resort","og_description":"Entspannen Sie sich in der geschmackvollen Umgebung, die unsere luxuri\u00f6se Unterkunft auf Rhodos, Griechenland bietet.","og_url":"https:\/\/www.apolloblue.gr\/de\/accommodation\/","og_site_name":"Apollo Blue Hotel","article_modified_time":"2020-11-24T11:15:23+00:00","og_image":[{"width":1920,"height":1080,"url":"https:\/\/www.apolloblue.gr\/app\/uploads\/sites\/45\/2020\/02\/junior-suite-private-pool-gv_resized.jpg","type":"image\/jpeg"}],"twitter_card":"summary_large_image","twitter_misc":{"Gesch\u00e4tzte Lesezeit":"1\u00a0Minute"},"schema":{"@context":"https:\/\/schema.org","@graph":[{"@type":"WebPage","@id":"https:\/\/www.apolloblue.gr\/de\/accommodation\/","url":"https:\/\/www.apolloblue.gr\/de\/accommodation\/","name":"Luxusunterkunft Rhodos Griechenland | Apollo Blue Resort","isPartOf":{"@id":"https:\/\/www.apolloblue.gr\/de\/#website"},"primaryImageOfPage":{"@id":"https:\/\/www.apolloblue.gr\/de\/accommodation\/#primaryimage"},"image":{"@id":"https:\/\/www.apolloblue.gr\/de\/accommodation\/#primaryimage"},"thumbnailUrl":"https:\/\/www.apolloblue.gr\/app\/uploads\/sites\/45\/2020\/02\/junior-suite-private-pool-gv_resized.jpg","datePublished":"2020-02-13T11:38:27+00:00","dateModified":"2020-11-24T11:15:23+00:00","description":"Entspannen Sie sich in der geschmackvollen Umgebung, die unsere luxuri\u00f6se Unterkunft auf Rhodos, Griechenland bietet.","breadcrumb":{"@id":"https:\/\/www.apolloblue.gr\/de\/accommodation\/#breadcrumb"},"inLanguage":"de","potentialAction":[{"@type":"ReadAction","target":["https:\/\/www.apolloblue.gr\/de\/accommodation\/"]}]},{"@type":"ImageObject","inLanguage":"de","@id":"https:\/\/www.apolloblue.gr\/de\/accommodation\/#primaryimage","url":"https:\/\/www.apolloblue.gr\/app\/uploads\/sites\/45\/2020\/02\/junior-suite-private-pool-gv_resized.jpg","contentUrl":"https:\/\/www.apolloblue.gr\/app\/uploads\/sites\/45\/2020\/02\/junior-suite-private-pool-gv_resized.jpg","width":1920,"height":1080},{"@type":"BreadcrumbList","@id":"https:\/\/www.apolloblue.gr\/de\/accommodation\/#breadcrumb","itemListElement":[{"@type":"ListItem","position":1,"name":"Home","item":"https:\/\/www.apolloblue.gr\/de\/"},{"@type":"ListItem","position":2,"name":"Unterkunft"}]},{"@type":"WebSite","@id":"https:\/\/www.apolloblue.gr\/de\/#website","url":"https:\/\/www.apolloblue.gr\/de\/","name":"Apollo Blue Hotel","description":"Check into a heavenly place. Surrender to the feeling of absolute exaltation that Apollo Blue&#039;s 5 star hotel in Rhodes provides.","potentialAction":[{"@type":"SearchAction","target":{"@type":"EntryPoint","urlTemplate":"https:\/\/www.apolloblue.gr\/de\/?s={search_term_string}"},"query-input":{"@type":"PropertyValueSpecification","valueRequired":true,"valueName":"search_term_string"}}],"inLanguage":"de"}]}},"_links":{"self":[{"href":"https:\/\/www.apolloblue.gr\/de\/wp-json\/wp\/v2\/pages\/1320","targetHints":{"allow":["GET"]}}],"collection":[{"href":"https:\/\/www.apolloblue.gr\/de\/wp-json\/wp\/v2\/pages"}],"about":[{"href":"https:\/\/www.apolloblue.gr\/de\/wp-json\/wp\/v2\/types\/page"}],"author":[{"embeddable":true,"href":"https:\/\/www.apolloblue.gr\/de\/wp-json\/wp\/v2\/users\/1"}],"replies":[{"embeddable":true,"href":"https:\/\/www.apolloblue.gr\/de\/wp-json\/wp\/v2\/comments?post=1320"}],"version-history":[{"count":2,"href":"https:\/\/www.apolloblue.gr\/de\/wp-json\/wp\/v2\/pages\/1320\/revisions"}],"predecessor-version":[{"id":1322,"href":"https:\/\/www.apolloblue.gr\/de\/wp-json\/wp\/v2\/pages\/1320\/revisions\/1322"}],"wp:featuredmedia":[{"embeddable":true,"href":"https:\/\/www.apolloblue.gr\/de\/wp-json\/wp\/v2\/media\/1039"}],"wp:attachment":[{"href":"https:\/\/www.apolloblue.gr\/de\/wp-json\/wp\/v2\/media?parent=1320"}],"curies":[{"name":"wp","href":"https:\/\/api.w.org\/{rel}","templated":true}]}}