{"id":1323,"date":"2020-02-13T14:38:27","date_gmt":"2020-02-13T11:38:27","guid":{"rendered":"https:\/\/www.apolloblue.gr\/gastronomy\/"},"modified":"2020-11-24T14:15:22","modified_gmt":"2020-11-24T11:15:22","slug":"gastronomy","status":"publish","type":"page","link":"https:\/\/www.apolloblue.gr\/de\/gastronomy\/","title":{"rendered":"Gastronomie"},"content":{"rendered":"<p>Feiern Sie das Leben mit Vergn\u00fcgen. Erleben Sie die Befriedigung, die durch gef\u00fchlvolle K\u00fcche erzeugt wird, indem Sie unsere himmlische Vielfalt an Geschmack erkunden. Bereiten Sie sich auf ein Fest f\u00fcr all Ihre Sinne vor, w\u00e4hrend Sie das Allerbeste der Mittelmeer-K\u00fcche probieren und die griechischen kulinarischen Geheimnisse entdecken. Genie\u00dfen Sie Speisen, die von langen Traditionen und vom reichen griechischen Boden inspiriert sind und, miteinander verkn\u00fcpft, Ihnen eine Erf\u00fcllung bringen, die sich aus einem nahrhaften Geschmack ergibt.<\/p>\n","protected":false},"excerpt":{"rendered":"<p>Feiern Sie das Leben mit Vergn\u00fcgen. Erleben Sie die Befriedigung, die durch gef\u00fchlvolle K\u00fcche erzeugt wird, indem Sie unsere himmlische Vielfalt an Geschmack erkunden. Bereiten<\/p>\n","protected":false},"author":1,"featured_media":1623,"parent":0,"menu_order":0,"comment_status":"closed","ping_status":"closed","template":"page-templates\/simple-list.php","meta":{"_acf_changed":false,"footnotes":""},"class_list":["post-1323","page","type-page","status-publish","has-post-thumbnail","hentry"],"acf":[],"yoast_head":"<!-- This site is optimized with the Yoast SEO plugin v27.4 - https:\/\/yoast.com\/product\/yoast-seo-wordpress\/ -->\n<title>Gastronomie - Apollo Blue Hotel<\/title>\n<meta name=\"robots\" content=\"index, follow, max-snippet:-1, max-image-preview:large, max-video-preview:-1\" \/>\n<link rel=\"canonical\" href=\"https:\/\/www.apolloblue.gr\/de\/gastronomy\/\" \/>\n<meta property=\"og:locale\" content=\"de_DE\" \/>\n<meta property=\"og:type\" content=\"article\" \/>\n<meta property=\"og:title\" content=\"Gastronomie - Apollo Blue Hotel\" \/>\n<meta property=\"og:description\" content=\"Feiern Sie das Leben mit Vergn\u00fcgen. Erleben Sie die Befriedigung, die durch gef\u00fchlvolle K\u00fcche erzeugt wird, indem Sie unsere himmlische Vielfalt an Geschmack erkunden. Bereiten\" \/>\n<meta property=\"og:url\" content=\"https:\/\/www.apolloblue.gr\/de\/gastronomy\/\" \/>\n<meta property=\"og:site_name\" content=\"Apollo Blue Hotel\" \/>\n<meta property=\"article:modified_time\" content=\"2020-11-24T11:15:22+00:00\" \/>\n<meta property=\"og:image\" content=\"https:\/\/www.apolloblue.gr\/app\/uploads\/sites\/45\/2020\/08\/Apollo-Blue49797.jpg\" \/>\n\t<meta property=\"og:image:width\" content=\"1920\" \/>\n\t<meta property=\"og:image:height\" content=\"1280\" \/>\n\t<meta property=\"og:image:type\" content=\"image\/jpeg\" \/>\n<meta name=\"twitter:card\" content=\"summary_large_image\" \/>\n<!-- \/ Yoast SEO plugin. -->","yoast_head_json":{"title":"Gastronomie - Apollo Blue Hotel","robots":{"index":"index","follow":"follow","max-snippet":"max-snippet:-1","max-image-preview":"max-image-preview:large","max-video-preview":"max-video-preview:-1"},"canonical":"https:\/\/www.apolloblue.gr\/de\/gastronomy\/","og_locale":"de_DE","og_type":"article","og_title":"Gastronomie - Apollo Blue Hotel","og_description":"Feiern Sie das Leben mit Vergn\u00fcgen. Erleben Sie die Befriedigung, die durch gef\u00fchlvolle K\u00fcche erzeugt wird, indem Sie unsere himmlische Vielfalt an Geschmack erkunden. Bereiten","og_url":"https:\/\/www.apolloblue.gr\/de\/gastronomy\/","og_site_name":"Apollo Blue Hotel","article_modified_time":"2020-11-24T11:15:22+00:00","og_image":[{"width":1920,"height":1280,"url":"https:\/\/www.apolloblue.gr\/app\/uploads\/sites\/45\/2020\/08\/Apollo-Blue49797.jpg","type":"image\/jpeg"}],"twitter_card":"summary_large_image","schema":{"@context":"https:\/\/schema.org","@graph":[{"@type":"WebPage","@id":"https:\/\/www.apolloblue.gr\/de\/gastronomy\/","url":"https:\/\/www.apolloblue.gr\/de\/gastronomy\/","name":"Gastronomie - Apollo Blue Hotel","isPartOf":{"@id":"https:\/\/www.apolloblue.gr\/de\/#website"},"primaryImageOfPage":{"@id":"https:\/\/www.apolloblue.gr\/de\/gastronomy\/#primaryimage"},"image":{"@id":"https:\/\/www.apolloblue.gr\/de\/gastronomy\/#primaryimage"},"thumbnailUrl":"https:\/\/www.apolloblue.gr\/app\/uploads\/sites\/45\/2020\/08\/Apollo-Blue49797.jpg","datePublished":"2020-02-13T11:38:27+00:00","dateModified":"2020-11-24T11:15:22+00:00","breadcrumb":{"@id":"https:\/\/www.apolloblue.gr\/de\/gastronomy\/#breadcrumb"},"inLanguage":"de","potentialAction":[{"@type":"ReadAction","target":["https:\/\/www.apolloblue.gr\/de\/gastronomy\/"]}]},{"@type":"ImageObject","inLanguage":"de","@id":"https:\/\/www.apolloblue.gr\/de\/gastronomy\/#primaryimage","url":"https:\/\/www.apolloblue.gr\/app\/uploads\/sites\/45\/2020\/08\/Apollo-Blue49797.jpg","contentUrl":"https:\/\/www.apolloblue.gr\/app\/uploads\/sites\/45\/2020\/08\/Apollo-Blue49797.jpg","width":1920,"height":1280,"caption":"A la carte dining in Rhodes"},{"@type":"BreadcrumbList","@id":"https:\/\/www.apolloblue.gr\/de\/gastronomy\/#breadcrumb","itemListElement":[{"@type":"ListItem","position":1,"name":"Home","item":"https:\/\/www.apolloblue.gr\/de\/"},{"@type":"ListItem","position":2,"name":"Gastronomie"}]},{"@type":"WebSite","@id":"https:\/\/www.apolloblue.gr\/de\/#website","url":"https:\/\/www.apolloblue.gr\/de\/","name":"Apollo Blue Hotel","description":"Check into a heavenly place. Surrender to the feeling of absolute exaltation that Apollo Blue&#039;s 5 star hotel in Rhodes provides.","potentialAction":[{"@type":"SearchAction","target":{"@type":"EntryPoint","urlTemplate":"https:\/\/www.apolloblue.gr\/de\/?s={search_term_string}"},"query-input":{"@type":"PropertyValueSpecification","valueRequired":true,"valueName":"search_term_string"}}],"inLanguage":"de"}]}},"_links":{"self":[{"href":"https:\/\/www.apolloblue.gr\/de\/wp-json\/wp\/v2\/pages\/1323","targetHints":{"allow":["GET"]}}],"collection":[{"href":"https:\/\/www.apolloblue.gr\/de\/wp-json\/wp\/v2\/pages"}],"about":[{"href":"https:\/\/www.apolloblue.gr\/de\/wp-json\/wp\/v2\/types\/page"}],"author":[{"embeddable":true,"href":"https:\/\/www.apolloblue.gr\/de\/wp-json\/wp\/v2\/users\/1"}],"replies":[{"embeddable":true,"href":"https:\/\/www.apolloblue.gr\/de\/wp-json\/wp\/v2\/comments?post=1323"}],"version-history":[{"count":6,"href":"https:\/\/www.apolloblue.gr\/de\/wp-json\/wp\/v2\/pages\/1323\/revisions"}],"predecessor-version":[{"id":1679,"href":"https:\/\/www.apolloblue.gr\/de\/wp-json\/wp\/v2\/pages\/1323\/revisions\/1679"}],"wp:featuredmedia":[{"embeddable":true,"href":"https:\/\/www.apolloblue.gr\/de\/wp-json\/wp\/v2\/media\/1623"}],"wp:attachment":[{"href":"https:\/\/www.apolloblue.gr\/de\/wp-json\/wp\/v2\/media?parent=1323"}],"curies":[{"name":"wp","href":"https:\/\/api.w.org\/{rel}","templated":true}]}}