{"id":1331,"date":"2020-02-13T14:38:27","date_gmt":"2020-02-13T11:38:27","guid":{"rendered":"https:\/\/www.apolloblue.gr\/gastronomy\/dining\/"},"modified":"2020-11-24T14:15:22","modified_gmt":"2020-11-24T11:15:22","slug":"dining","status":"publish","type":"page","link":"https:\/\/www.apolloblue.gr\/de\/gastronomy\/dining\/","title":{"rendered":"Esserlebnis"},"content":{"rendered":"<p>Festessen und Vergn\u00fcgen. Wir servieren Ihnen verlockende Kombinationen, die die Qualit\u00e4t der frischen, lokalen und t\u00e4glich gelieferten Ingredienzen erh\u00f6hen. Jedes Gericht hier wird mit Ehrfurcht und Respekt gegen\u00fcber den rohen Zutaten zubereitet, sorgf\u00e4ltig ausgewogen, irgendwo in der Mitte zwischen kulinarischer Tradition und Kreativit\u00e4t. Und wenn die Redewendung stimmt, dass man ist, was man isst, dann sollten Sie sich auf die bisher k\u00f6stlichste Verwandlung vorbereiten!<\/p>\n<p>Fr\u00fchst\u00fcck f\u00fcr Sieger wird bei uns t\u00e4glich bis 10 Uhr morgens im Restaurant serviert, und f\u00fcr diejenigen, die ihr Fr\u00fchst\u00fcck lieber drau\u00dfen genie\u00dfen und unsere Insel fr\u00fch erkunden m\u00f6chten, k\u00f6nnen wir einen Fr\u00fchst\u00fcckskorb auf Anfrage vorbereiten.<\/p>\n<p>Buffet-Speisen werden auch in unserem Restaurant angeboten, damit unsere G\u00e4ste so viele verschiedene Gerichte wie m\u00f6glich probieren, und somit unser k\u00f6stliches Esserlebnis auf Rhodos in vollem Umfang auskosten k\u00f6nnen.<\/p>\n<p>Ein \u00e0\u00a0la carte Esserlebnis auf Rhodos kann man in unserer Taverna Blue genie\u00dfen, wo die G\u00e4ste die kreativen, kulinarischen Kreationen unserer begabten Chefs probieren und die epikureische Seite der griechischen gehobenen K\u00fcche erleben k\u00f6nnen.<\/p>\n","protected":false},"excerpt":{"rendered":"<p>Festessen und Vergn\u00fcgen. Wir servieren Ihnen verlockende Kombinationen, die die Qualit\u00e4t der frischen, lokalen und t\u00e4glich gelieferten Ingredienzen erh\u00f6hen. Jedes Gericht hier wird mit Ehrfurcht<\/p>\n","protected":false},"author":1,"featured_media":1623,"parent":1323,"menu_order":0,"comment_status":"closed","ping_status":"closed","template":"","meta":{"_acf_changed":false,"footnotes":""},"class_list":["post-1331","page","type-page","status-publish","has-post-thumbnail","hentry"],"acf":[],"yoast_head":"<!-- This site is optimized with the Yoast SEO plugin v27.4 - https:\/\/yoast.com\/product\/yoast-seo-wordpress\/ -->\n<title>Esserlebnis - Apollo Blue Hotel<\/title>\n<meta name=\"description\" content=\"Indulge in the delectable side of dining in Rhodes. From am to pm, our Rhodes restaurants reveal the power of pure food that comes from the heart.\" \/>\n<meta name=\"robots\" content=\"index, follow, max-snippet:-1, max-image-preview:large, max-video-preview:-1\" \/>\n<link rel=\"canonical\" href=\"https:\/\/www.apolloblue.gr\/de\/gastronomy\/dining\/\" \/>\n<meta property=\"og:locale\" content=\"de_DE\" \/>\n<meta property=\"og:type\" content=\"article\" \/>\n<meta property=\"og:title\" content=\"Esserlebnis - Apollo Blue Hotel\" \/>\n<meta property=\"og:description\" content=\"Indulge in the delectable side of dining in Rhodes. From am to pm, our Rhodes restaurants reveal the power of pure food that comes from the heart.\" \/>\n<meta property=\"og:url\" content=\"https:\/\/www.apolloblue.gr\/de\/gastronomy\/dining\/\" \/>\n<meta property=\"og:site_name\" content=\"Apollo Blue Hotel\" \/>\n<meta property=\"article:modified_time\" content=\"2020-11-24T11:15:22+00:00\" \/>\n<meta property=\"og:image\" content=\"https:\/\/www.apolloblue.gr\/app\/uploads\/sites\/45\/2020\/08\/Apollo-Blue49797.jpg\" \/>\n\t<meta property=\"og:image:width\" content=\"1920\" \/>\n\t<meta property=\"og:image:height\" content=\"1280\" \/>\n\t<meta property=\"og:image:type\" content=\"image\/jpeg\" \/>\n<meta name=\"twitter:card\" content=\"summary_large_image\" \/>\n<meta name=\"twitter:label1\" content=\"Gesch\u00e4tzte Lesezeit\" \/>\n\t<meta name=\"twitter:data1\" content=\"1\u00a0Minute\" \/>\n<!-- \/ Yoast SEO plugin. -->","yoast_head_json":{"title":"Esserlebnis - Apollo Blue Hotel","description":"Indulge in the delectable side of dining in Rhodes. From am to pm, our Rhodes restaurants reveal the power of pure food that comes from the heart.","robots":{"index":"index","follow":"follow","max-snippet":"max-snippet:-1","max-image-preview":"max-image-preview:large","max-video-preview":"max-video-preview:-1"},"canonical":"https:\/\/www.apolloblue.gr\/de\/gastronomy\/dining\/","og_locale":"de_DE","og_type":"article","og_title":"Esserlebnis - Apollo Blue Hotel","og_description":"Indulge in the delectable side of dining in Rhodes. From am to pm, our Rhodes restaurants reveal the power of pure food that comes from the heart.","og_url":"https:\/\/www.apolloblue.gr\/de\/gastronomy\/dining\/","og_site_name":"Apollo Blue Hotel","article_modified_time":"2020-11-24T11:15:22+00:00","og_image":[{"width":1920,"height":1280,"url":"https:\/\/www.apolloblue.gr\/app\/uploads\/sites\/45\/2020\/08\/Apollo-Blue49797.jpg","type":"image\/jpeg"}],"twitter_card":"summary_large_image","twitter_misc":{"Gesch\u00e4tzte Lesezeit":"1\u00a0Minute"},"schema":{"@context":"https:\/\/schema.org","@graph":[{"@type":"WebPage","@id":"https:\/\/www.apolloblue.gr\/de\/gastronomy\/dining\/","url":"https:\/\/www.apolloblue.gr\/de\/gastronomy\/dining\/","name":"Esserlebnis - Apollo Blue Hotel","isPartOf":{"@id":"https:\/\/www.apolloblue.gr\/de\/#website"},"primaryImageOfPage":{"@id":"https:\/\/www.apolloblue.gr\/de\/gastronomy\/dining\/#primaryimage"},"image":{"@id":"https:\/\/www.apolloblue.gr\/de\/gastronomy\/dining\/#primaryimage"},"thumbnailUrl":"https:\/\/www.apolloblue.gr\/app\/uploads\/sites\/45\/2020\/08\/Apollo-Blue49797.jpg","datePublished":"2020-02-13T11:38:27+00:00","dateModified":"2020-11-24T11:15:22+00:00","description":"Indulge in the delectable side of dining in Rhodes. From am to pm, our Rhodes restaurants reveal the power of pure food that comes from the heart.","breadcrumb":{"@id":"https:\/\/www.apolloblue.gr\/de\/gastronomy\/dining\/#breadcrumb"},"inLanguage":"de","potentialAction":[{"@type":"ReadAction","target":["https:\/\/www.apolloblue.gr\/de\/gastronomy\/dining\/"]}]},{"@type":"ImageObject","inLanguage":"de","@id":"https:\/\/www.apolloblue.gr\/de\/gastronomy\/dining\/#primaryimage","url":"https:\/\/www.apolloblue.gr\/app\/uploads\/sites\/45\/2020\/08\/Apollo-Blue49797.jpg","contentUrl":"https:\/\/www.apolloblue.gr\/app\/uploads\/sites\/45\/2020\/08\/Apollo-Blue49797.jpg","width":1920,"height":1280,"caption":"A la carte dining in Rhodes"},{"@type":"BreadcrumbList","@id":"https:\/\/www.apolloblue.gr\/de\/gastronomy\/dining\/#breadcrumb","itemListElement":[{"@type":"ListItem","position":1,"name":"Home","item":"https:\/\/www.apolloblue.gr\/de\/"},{"@type":"ListItem","position":2,"name":"Gastronomie","item":"https:\/\/www.apolloblue.gr\/de\/gastronomy\/"},{"@type":"ListItem","position":3,"name":"Esserlebnis"}]},{"@type":"WebSite","@id":"https:\/\/www.apolloblue.gr\/de\/#website","url":"https:\/\/www.apolloblue.gr\/de\/","name":"Apollo Blue Hotel","description":"Check into a heavenly place. Surrender to the feeling of absolute exaltation that Apollo Blue&#039;s 5 star hotel in Rhodes provides.","potentialAction":[{"@type":"SearchAction","target":{"@type":"EntryPoint","urlTemplate":"https:\/\/www.apolloblue.gr\/de\/?s={search_term_string}"},"query-input":{"@type":"PropertyValueSpecification","valueRequired":true,"valueName":"search_term_string"}}],"inLanguage":"de"}]}},"_links":{"self":[{"href":"https:\/\/www.apolloblue.gr\/de\/wp-json\/wp\/v2\/pages\/1331","targetHints":{"allow":["GET"]}}],"collection":[{"href":"https:\/\/www.apolloblue.gr\/de\/wp-json\/wp\/v2\/pages"}],"about":[{"href":"https:\/\/www.apolloblue.gr\/de\/wp-json\/wp\/v2\/types\/page"}],"author":[{"embeddable":true,"href":"https:\/\/www.apolloblue.gr\/de\/wp-json\/wp\/v2\/users\/1"}],"replies":[{"embeddable":true,"href":"https:\/\/www.apolloblue.gr\/de\/wp-json\/wp\/v2\/comments?post=1331"}],"version-history":[{"count":3,"href":"https:\/\/www.apolloblue.gr\/de\/wp-json\/wp\/v2\/pages\/1331\/revisions"}],"predecessor-version":[{"id":1536,"href":"https:\/\/www.apolloblue.gr\/de\/wp-json\/wp\/v2\/pages\/1331\/revisions\/1536"}],"up":[{"embeddable":true,"href":"https:\/\/www.apolloblue.gr\/de\/wp-json\/wp\/v2\/pages\/1323"}],"wp:featuredmedia":[{"embeddable":true,"href":"https:\/\/www.apolloblue.gr\/de\/wp-json\/wp\/v2\/media\/1623"}],"wp:attachment":[{"href":"https:\/\/www.apolloblue.gr\/de\/wp-json\/wp\/v2\/media?parent=1331"}],"curies":[{"name":"wp","href":"https:\/\/api.w.org\/{rel}","templated":true}]}}