{"id":1334,"date":"2020-02-13T14:38:27","date_gmt":"2020-02-13T11:38:27","guid":{"rendered":"https:\/\/www.apolloblue.gr\/gastronomy\/entertainment\/"},"modified":"2023-11-24T16:30:23","modified_gmt":"2023-11-24T13:30:23","slug":"entertainment","status":"publish","type":"page","link":"https:\/\/www.apolloblue.gr\/de\/gastronomy\/entertainment\/","title":{"rendered":"Unterhaltung"},"content":{"rendered":"<p>Der antike Gott Apollo war der F\u00fchrer der Musen und mythologisches Sinnbild f\u00fcr Musik und Poesie. Seine Energie ist sp\u00fcrbar hier, in unserem traumhaften Zufluchtsort, der Ihren Geist durch Freude erheben wird. In unserem Resort k\u00f6nnen Sie Abendunterhaltung erwarten, die Ihre Stimmung auf die Nacht vorbereiten wird, w\u00e4hrend Sie an Ihrem Lieblingsgetr\u00e4nk nippen und die gl\u00fcckliche Atmosph\u00e4re unter dem Sternenhimmel bei uns genie\u00dfen. Gelegentlich veranstalten wir Shows, wo Sie sich zur\u00fccklehnen und Wellen von Vergn\u00fcgen durch Bild und Ton sp\u00fcren k\u00f6nnen \u2013 ein absolutes Gl\u00fccksgef\u00fchl: Die perfekte Abrundung eines spannenden Tages, die in einem Gef\u00fchlscrescendo stattfindet.<\/p>\n","protected":false},"excerpt":{"rendered":"<p>Der antike Gott Apollo war der F\u00fchrer der Musen und mythologisches Sinnbild f\u00fcr Musik und Poesie. Seine Energie ist sp\u00fcrbar hier, in unserem traumhaften Zufluchtsort,<\/p>\n","protected":false},"author":1,"featured_media":5016,"parent":1323,"menu_order":0,"comment_status":"closed","ping_status":"closed","template":"","meta":{"_acf_changed":false,"footnotes":""},"class_list":["post-1334","page","type-page","status-publish","has-post-thumbnail","hentry"],"acf":[],"yoast_head":"<!-- This site is optimized with the Yoast SEO plugin v27.5 - https:\/\/yoast.com\/product\/yoast-seo-wordpress\/ -->\n<title>Unterhaltung - Apollo Blue Hotel<\/title>\n<meta name=\"robots\" content=\"index, follow, max-snippet:-1, max-image-preview:large, max-video-preview:-1\" \/>\n<link rel=\"canonical\" href=\"https:\/\/www.apolloblue.gr\/de\/gastronomy\/entertainment\/\" \/>\n<meta property=\"og:locale\" content=\"de_DE\" \/>\n<meta property=\"og:type\" content=\"article\" \/>\n<meta property=\"og:title\" content=\"Unterhaltung - Apollo Blue Hotel\" \/>\n<meta property=\"og:description\" content=\"Der antike Gott Apollo war der F\u00fchrer der Musen und mythologisches Sinnbild f\u00fcr Musik und Poesie. Seine Energie ist sp\u00fcrbar hier, in unserem traumhaften Zufluchtsort,\" \/>\n<meta property=\"og:url\" content=\"https:\/\/www.apolloblue.gr\/de\/gastronomy\/entertainment\/\" \/>\n<meta property=\"og:site_name\" content=\"Apollo Blue Hotel\" \/>\n<meta property=\"article:modified_time\" content=\"2023-11-24T13:30:23+00:00\" \/>\n<meta property=\"og:image\" content=\"https:\/\/www.apolloblue.gr\/app\/uploads\/sites\/45\/2023\/11\/Apollo-new.jpg\" \/>\n\t<meta property=\"og:image:width\" content=\"2560\" \/>\n\t<meta property=\"og:image:height\" content=\"1914\" \/>\n\t<meta property=\"og:image:type\" content=\"image\/jpeg\" \/>\n<meta name=\"twitter:card\" content=\"summary_large_image\" \/>\n<meta name=\"twitter:label1\" content=\"Gesch\u00e4tzte Lesezeit\" \/>\n\t<meta name=\"twitter:data1\" content=\"1\u00a0Minute\" \/>\n<!-- \/ Yoast SEO plugin. -->","yoast_head_json":{"title":"Unterhaltung - Apollo Blue Hotel","robots":{"index":"index","follow":"follow","max-snippet":"max-snippet:-1","max-image-preview":"max-image-preview:large","max-video-preview":"max-video-preview:-1"},"canonical":"https:\/\/www.apolloblue.gr\/de\/gastronomy\/entertainment\/","og_locale":"de_DE","og_type":"article","og_title":"Unterhaltung - Apollo Blue Hotel","og_description":"Der antike Gott Apollo war der F\u00fchrer der Musen und mythologisches Sinnbild f\u00fcr Musik und Poesie. Seine Energie ist sp\u00fcrbar hier, in unserem traumhaften Zufluchtsort,","og_url":"https:\/\/www.apolloblue.gr\/de\/gastronomy\/entertainment\/","og_site_name":"Apollo Blue Hotel","article_modified_time":"2023-11-24T13:30:23+00:00","og_image":[{"width":2560,"height":1914,"url":"https:\/\/www.apolloblue.gr\/app\/uploads\/sites\/45\/2023\/11\/Apollo-new.jpg","type":"image\/jpeg"}],"twitter_card":"summary_large_image","twitter_misc":{"Gesch\u00e4tzte Lesezeit":"1\u00a0Minute"},"schema":{"@context":"https:\/\/schema.org","@graph":[{"@type":"WebPage","@id":"https:\/\/www.apolloblue.gr\/de\/gastronomy\/entertainment\/","url":"https:\/\/www.apolloblue.gr\/de\/gastronomy\/entertainment\/","name":"Unterhaltung - Apollo Blue Hotel","isPartOf":{"@id":"https:\/\/www.apolloblue.gr\/de\/#website"},"primaryImageOfPage":{"@id":"https:\/\/www.apolloblue.gr\/de\/gastronomy\/entertainment\/#primaryimage"},"image":{"@id":"https:\/\/www.apolloblue.gr\/de\/gastronomy\/entertainment\/#primaryimage"},"thumbnailUrl":"https:\/\/www.apolloblue.gr\/app\/uploads\/sites\/45\/2023\/11\/Apollo-new.jpg","datePublished":"2020-02-13T11:38:27+00:00","dateModified":"2023-11-24T13:30:23+00:00","breadcrumb":{"@id":"https:\/\/www.apolloblue.gr\/de\/gastronomy\/entertainment\/#breadcrumb"},"inLanguage":"de","potentialAction":[{"@type":"ReadAction","target":["https:\/\/www.apolloblue.gr\/de\/gastronomy\/entertainment\/"]}]},{"@type":"ImageObject","inLanguage":"de","@id":"https:\/\/www.apolloblue.gr\/de\/gastronomy\/entertainment\/#primaryimage","url":"https:\/\/www.apolloblue.gr\/app\/uploads\/sites\/45\/2023\/11\/Apollo-new.jpg","contentUrl":"https:\/\/www.apolloblue.gr\/app\/uploads\/sites\/45\/2023\/11\/Apollo-new.jpg","width":2560,"height":1914},{"@type":"BreadcrumbList","@id":"https:\/\/www.apolloblue.gr\/de\/gastronomy\/entertainment\/#breadcrumb","itemListElement":[{"@type":"ListItem","position":1,"name":"Home","item":"https:\/\/www.apolloblue.gr\/de\/"},{"@type":"ListItem","position":2,"name":"Gastronomie","item":"https:\/\/www.apolloblue.gr\/de\/gastronomy\/"},{"@type":"ListItem","position":3,"name":"Unterhaltung"}]},{"@type":"WebSite","@id":"https:\/\/www.apolloblue.gr\/de\/#website","url":"https:\/\/www.apolloblue.gr\/de\/","name":"Apollo Blue Hotel","description":"Check into a heavenly place. Surrender to the feeling of absolute exaltation that Apollo Blue&#039;s 5 star hotel in Rhodes provides.","potentialAction":[{"@type":"SearchAction","target":{"@type":"EntryPoint","urlTemplate":"https:\/\/www.apolloblue.gr\/de\/?s={search_term_string}"},"query-input":{"@type":"PropertyValueSpecification","valueRequired":true,"valueName":"search_term_string"}}],"inLanguage":"de"}]}},"_links":{"self":[{"href":"https:\/\/www.apolloblue.gr\/de\/wp-json\/wp\/v2\/pages\/1334","targetHints":{"allow":["GET"]}}],"collection":[{"href":"https:\/\/www.apolloblue.gr\/de\/wp-json\/wp\/v2\/pages"}],"about":[{"href":"https:\/\/www.apolloblue.gr\/de\/wp-json\/wp\/v2\/types\/page"}],"author":[{"embeddable":true,"href":"https:\/\/www.apolloblue.gr\/de\/wp-json\/wp\/v2\/users\/1"}],"replies":[{"embeddable":true,"href":"https:\/\/www.apolloblue.gr\/de\/wp-json\/wp\/v2\/comments?post=1334"}],"version-history":[{"count":2,"href":"https:\/\/www.apolloblue.gr\/de\/wp-json\/wp\/v2\/pages\/1334\/revisions"}],"predecessor-version":[{"id":1336,"href":"https:\/\/www.apolloblue.gr\/de\/wp-json\/wp\/v2\/pages\/1334\/revisions\/1336"}],"up":[{"embeddable":true,"href":"https:\/\/www.apolloblue.gr\/de\/wp-json\/wp\/v2\/pages\/1323"}],"wp:featuredmedia":[{"embeddable":true,"href":"https:\/\/www.apolloblue.gr\/de\/wp-json\/wp\/v2\/media\/5016"}],"wp:attachment":[{"href":"https:\/\/www.apolloblue.gr\/de\/wp-json\/wp\/v2\/media?parent=1334"}],"curies":[{"name":"wp","href":"https:\/\/api.w.org\/{rel}","templated":true}]}}