{"id":1337,"date":"2020-02-13T14:38:27","date_gmt":"2020-02-13T11:38:27","guid":{"rendered":"https:\/\/www.apolloblue.gr\/gastronomy\/wine-paths\/"},"modified":"2020-11-24T14:15:22","modified_gmt":"2020-11-24T11:15:22","slug":"wine-paths","status":"publish","type":"page","link":"https:\/\/www.apolloblue.gr\/de\/gastronomy\/wine-paths\/","title":{"rendered":"Weinwege"},"content":{"rendered":"<p>Eine Kostprobe von Tradition. Ein Schluck \u00dcberlieferung. Der Wein war das R\u00fcckgrat der altgriechischen Philosophie und jahrhundertelang der Treibstoff der Rhetorik, berauschender Vermittler von gro\u00dfartigen und zeitlosen Ideen. Als Ambrosia der Sterblichen, wurde Wein den Menschen von den G\u00f6ttern selbst beschert, und hat seinen eigenen Schutzgott, Dionysos, die Gottheit der Heiterkeit und der Festlichkeit.<\/p>\n<p>Erkunden Sie die verschiedenen Tiefen von Geschmack, Farbe, Bukett und Intensit\u00e4t der ber\u00fchmten griechischen Weine. Entdecken Sie einige seltene Weine aus ganz Griechenland und begeben Sie sich auf eine Rebreise, indem Sie unseren Weinpfaden folgen.<\/p>\n<p>Unsere Weine k\u00f6nnen ein Gespr\u00e4ch beim Abendessen, oder eine leichte Unterhaltung an unserer Blue Bar begleiten. Unabh\u00e4ngig vom Gespr\u00e4chsstoff, wird Ihre Stimmung bei einem Glas feinem Wein immer besser oder sogar die beste sein, um \u00fcber alles und nichts zu sprechen. \u201cKein Gedicht wurde jemals von\u00a0einem Wassertrinker\u00a0geschrieben\u201c, wie schon Homer sagte.<\/p>\n<h4>Wine-pairing Degustation<\/h4>\n<p>Einmal im Monat organisieren wir Verkostungen f\u00fcr unsere G\u00e4ste, damit Sie auserlesene Weine, entweder von wohlbekannten Weing\u00fctern oder von kleinen Herstellern Griechenlands, probieren.<\/p>\n<p>Unsere Chefs bereiten einzigartig inspirierte Gerichte zu, die die Aromen aus jedem gew\u00e4hlten Wein in vollem Umfang hervorbringen und Ihnen ein geschmackvolles Erlebnis jenseits aller Vorstellungskraft anbieten.<\/p>\n<p>Dies ist ein einmaliges Weinverkostungserlebnis auf Rhodos, Griechenland, eine sorgf\u00e4ltig kuratierte Veranstaltung, die Ihnen von Weinkennern und talentierten Chefs geboten wird, deren hervorragende Pairing-F\u00e4higkeiten eine bedeutende Wirkung auf Ihre Geschmacksknospe haben werden.<\/p>\n<p>Fragen Sie uns nach den Terminen unseres Wine-pairing Degustation-Erlebnisses und buchen Sie so schnell wie m\u00f6glich, da es immer eine begrenzte Anzahl an Pl\u00e4tzen f\u00fcr dieses exklusive, nicht zu verpassende Event f\u00fcr die Liebhaber des guten Weins gibt.<\/p>\n","protected":false},"excerpt":{"rendered":"<p>Eine Kostprobe von Tradition. Ein Schluck \u00dcberlieferung. Der Wein war das R\u00fcckgrat der altgriechischen Philosophie und jahrhundertelang der Treibstoff der Rhetorik, berauschender Vermittler von gro\u00dfartigen<\/p>\n","protected":false},"author":1,"featured_media":1605,"parent":1323,"menu_order":0,"comment_status":"closed","ping_status":"closed","template":"","meta":{"_acf_changed":false,"footnotes":""},"class_list":["post-1337","page","type-page","status-publish","has-post-thumbnail","hentry"],"acf":[],"yoast_head":"<!-- This site is optimized with the Yoast SEO plugin v27.5 - https:\/\/yoast.com\/product\/yoast-seo-wordpress\/ -->\n<title>Weinwege | Apollo Blue Rhodos<\/title>\n<meta name=\"robots\" content=\"index, follow, max-snippet:-1, max-image-preview:large, max-video-preview:-1\" \/>\n<link rel=\"canonical\" href=\"https:\/\/www.apolloblue.gr\/de\/gastronomy\/wine-paths\/\" \/>\n<meta property=\"og:locale\" content=\"de_DE\" \/>\n<meta property=\"og:type\" content=\"article\" \/>\n<meta property=\"og:title\" content=\"Weinwege | Apollo Blue Rhodos\" \/>\n<meta property=\"og:description\" content=\"Eine Kostprobe von Tradition. Ein Schluck \u00dcberlieferung. Der Wein war das R\u00fcckgrat der altgriechischen Philosophie und jahrhundertelang der Treibstoff der Rhetorik, berauschender Vermittler von gro\u00dfartigen\" \/>\n<meta property=\"og:url\" content=\"https:\/\/www.apolloblue.gr\/de\/gastronomy\/wine-paths\/\" \/>\n<meta property=\"og:site_name\" content=\"Apollo Blue Hotel\" \/>\n<meta property=\"article:modified_time\" content=\"2020-11-24T11:15:22+00:00\" \/>\n<meta property=\"og:image\" content=\"https:\/\/www.apolloblue.gr\/app\/uploads\/sites\/45\/2020\/08\/Apollo-Blue4455.jpg\" \/>\n\t<meta property=\"og:image:width\" content=\"1920\" \/>\n\t<meta property=\"og:image:height\" content=\"1280\" \/>\n\t<meta property=\"og:image:type\" content=\"image\/jpeg\" \/>\n<meta name=\"twitter:card\" content=\"summary_large_image\" \/>\n<meta name=\"twitter:label1\" content=\"Gesch\u00e4tzte Lesezeit\" \/>\n\t<meta name=\"twitter:data1\" content=\"1\u00a0Minute\" \/>\n<!-- \/ Yoast SEO plugin. -->","yoast_head_json":{"title":"Weinwege | Apollo Blue Rhodos","robots":{"index":"index","follow":"follow","max-snippet":"max-snippet:-1","max-image-preview":"max-image-preview:large","max-video-preview":"max-video-preview:-1"},"canonical":"https:\/\/www.apolloblue.gr\/de\/gastronomy\/wine-paths\/","og_locale":"de_DE","og_type":"article","og_title":"Weinwege | Apollo Blue Rhodos","og_description":"Eine Kostprobe von Tradition. Ein Schluck \u00dcberlieferung. Der Wein war das R\u00fcckgrat der altgriechischen Philosophie und jahrhundertelang der Treibstoff der Rhetorik, berauschender Vermittler von gro\u00dfartigen","og_url":"https:\/\/www.apolloblue.gr\/de\/gastronomy\/wine-paths\/","og_site_name":"Apollo Blue Hotel","article_modified_time":"2020-11-24T11:15:22+00:00","og_image":[{"width":1920,"height":1280,"url":"https:\/\/www.apolloblue.gr\/app\/uploads\/sites\/45\/2020\/08\/Apollo-Blue4455.jpg","type":"image\/jpeg"}],"twitter_card":"summary_large_image","twitter_misc":{"Gesch\u00e4tzte Lesezeit":"1\u00a0Minute"},"schema":{"@context":"https:\/\/schema.org","@graph":[{"@type":"WebPage","@id":"https:\/\/www.apolloblue.gr\/de\/gastronomy\/wine-paths\/","url":"https:\/\/www.apolloblue.gr\/de\/gastronomy\/wine-paths\/","name":"Weinwege | Apollo Blue Rhodos","isPartOf":{"@id":"https:\/\/www.apolloblue.gr\/de\/#website"},"primaryImageOfPage":{"@id":"https:\/\/www.apolloblue.gr\/de\/gastronomy\/wine-paths\/#primaryimage"},"image":{"@id":"https:\/\/www.apolloblue.gr\/de\/gastronomy\/wine-paths\/#primaryimage"},"thumbnailUrl":"https:\/\/www.apolloblue.gr\/app\/uploads\/sites\/45\/2020\/08\/Apollo-Blue4455.jpg","datePublished":"2020-02-13T11:38:27+00:00","dateModified":"2020-11-24T11:15:22+00:00","breadcrumb":{"@id":"https:\/\/www.apolloblue.gr\/de\/gastronomy\/wine-paths\/#breadcrumb"},"inLanguage":"de","potentialAction":[{"@type":"ReadAction","target":["https:\/\/www.apolloblue.gr\/de\/gastronomy\/wine-paths\/"]}]},{"@type":"ImageObject","inLanguage":"de","@id":"https:\/\/www.apolloblue.gr\/de\/gastronomy\/wine-paths\/#primaryimage","url":"https:\/\/www.apolloblue.gr\/app\/uploads\/sites\/45\/2020\/08\/Apollo-Blue4455.jpg","contentUrl":"https:\/\/www.apolloblue.gr\/app\/uploads\/sites\/45\/2020\/08\/Apollo-Blue4455.jpg","width":1920,"height":1280,"caption":"wine tasting rhodes greece"},{"@type":"BreadcrumbList","@id":"https:\/\/www.apolloblue.gr\/de\/gastronomy\/wine-paths\/#breadcrumb","itemListElement":[{"@type":"ListItem","position":1,"name":"Home","item":"https:\/\/www.apolloblue.gr\/de\/"},{"@type":"ListItem","position":2,"name":"Gastronomie","item":"https:\/\/www.apolloblue.gr\/de\/gastronomy\/"},{"@type":"ListItem","position":3,"name":"Weinwege"}]},{"@type":"WebSite","@id":"https:\/\/www.apolloblue.gr\/de\/#website","url":"https:\/\/www.apolloblue.gr\/de\/","name":"Apollo Blue Hotel","description":"Check into a heavenly place. Surrender to the feeling of absolute exaltation that Apollo Blue&#039;s 5 star hotel in Rhodes provides.","potentialAction":[{"@type":"SearchAction","target":{"@type":"EntryPoint","urlTemplate":"https:\/\/www.apolloblue.gr\/de\/?s={search_term_string}"},"query-input":{"@type":"PropertyValueSpecification","valueRequired":true,"valueName":"search_term_string"}}],"inLanguage":"de"}]}},"_links":{"self":[{"href":"https:\/\/www.apolloblue.gr\/de\/wp-json\/wp\/v2\/pages\/1337","targetHints":{"allow":["GET"]}}],"collection":[{"href":"https:\/\/www.apolloblue.gr\/de\/wp-json\/wp\/v2\/pages"}],"about":[{"href":"https:\/\/www.apolloblue.gr\/de\/wp-json\/wp\/v2\/types\/page"}],"author":[{"embeddable":true,"href":"https:\/\/www.apolloblue.gr\/de\/wp-json\/wp\/v2\/users\/1"}],"replies":[{"embeddable":true,"href":"https:\/\/www.apolloblue.gr\/de\/wp-json\/wp\/v2\/comments?post=1337"}],"version-history":[{"count":2,"href":"https:\/\/www.apolloblue.gr\/de\/wp-json\/wp\/v2\/pages\/1337\/revisions"}],"predecessor-version":[{"id":1339,"href":"https:\/\/www.apolloblue.gr\/de\/wp-json\/wp\/v2\/pages\/1337\/revisions\/1339"}],"up":[{"embeddable":true,"href":"https:\/\/www.apolloblue.gr\/de\/wp-json\/wp\/v2\/pages\/1323"}],"wp:featuredmedia":[{"embeddable":true,"href":"https:\/\/www.apolloblue.gr\/de\/wp-json\/wp\/v2\/media\/1605"}],"wp:attachment":[{"href":"https:\/\/www.apolloblue.gr\/de\/wp-json\/wp\/v2\/media?parent=1337"}],"curies":[{"name":"wp","href":"https:\/\/api.w.org\/{rel}","templated":true}]}}