{"id":1342,"date":"2020-02-13T14:38:27","date_gmt":"2020-02-13T11:38:27","guid":{"rendered":"https:\/\/www.apolloblue.gr\/location\/"},"modified":"2020-11-24T14:15:23","modified_gmt":"2020-11-24T11:15:23","slug":"location","status":"publish","type":"page","link":"https:\/\/www.apolloblue.gr\/de\/location\/","title":{"rendered":"Lage"},"content":{"rendered":"<p>Markieren Sie Ihren bisher himmlischsten Urlaub auf der Karte! Entdecken Sie unsere einmalige Strand-Kulisse &amp; erkunden Sie unsere sensationelle Umgebung. Sammeln Sie all die seligen Bilder, die Ihren Geist noch jahrelang weiterhin pr\u00e4gen werden. Machen Sie eine Zeitreise zur\u00fcck ins Mittelalter, indem Sie die spannenden Sehensw\u00fcrdigkeiten von Rhodos besuchen und in die Geschichte eintauchen, die innerhalb der Stadtmauern und dar\u00fcber hinaus nachhallen.<\/p>\n<p>Nur 20 Minuten vom Internationalen Flughafen Rhodos und 15 Minuten von der spektakul\u00e4ren mittelalterlichen Altstadt Rhodos entfernt, einem UNESCO-Weltkulturerbe, befindet sich unser Hotel in einem einmaligen Ort an der \u00f6stlichen K\u00fcste der Insel.<\/p>\n","protected":false},"excerpt":{"rendered":"<p>Markieren Sie Ihren bisher himmlischsten Urlaub auf der Karte! Entdecken Sie unsere einmalige Strand-Kulisse &amp; erkunden Sie unsere sensationelle Umgebung. Sammeln Sie all die seligen<\/p>\n","protected":false},"author":1,"featured_media":1167,"parent":0,"menu_order":0,"comment_status":"closed","ping_status":"closed","template":"page-templates\/simple-list.php","meta":{"_acf_changed":false,"footnotes":""},"class_list":["post-1342","page","type-page","status-publish","has-post-thumbnail","hentry"],"acf":[],"yoast_head":"<!-- This site is optimized with the Yoast SEO plugin v27.5 - https:\/\/yoast.com\/product\/yoast-seo-wordpress\/ -->\n<title>Unsere Lage in Rhodos| Apollo Blue<\/title>\n<meta name=\"robots\" content=\"index, follow, max-snippet:-1, max-image-preview:large, max-video-preview:-1\" \/>\n<link rel=\"canonical\" href=\"https:\/\/www.apolloblue.gr\/de\/location\/\" \/>\n<meta property=\"og:locale\" content=\"de_DE\" \/>\n<meta property=\"og:type\" content=\"article\" \/>\n<meta property=\"og:title\" content=\"Unsere Lage in Rhodos| Apollo Blue\" \/>\n<meta property=\"og:description\" content=\"Markieren Sie Ihren bisher himmlischsten Urlaub auf der Karte! Entdecken Sie unsere einmalige Strand-Kulisse &amp; erkunden Sie unsere sensationelle Umgebung. Sammeln Sie all die seligen\" \/>\n<meta property=\"og:url\" content=\"https:\/\/www.apolloblue.gr\/de\/location\/\" \/>\n<meta property=\"og:site_name\" content=\"Apollo Blue Hotel\" \/>\n<meta property=\"article:modified_time\" content=\"2020-11-24T11:15:23+00:00\" \/>\n<meta property=\"og:image\" content=\"https:\/\/www.apolloblue.gr\/app\/uploads\/sites\/45\/2020\/03\/full_OldTown_by_ApolloBeach.jpg\" \/>\n\t<meta property=\"og:image:width\" content=\"1920\" \/>\n\t<meta property=\"og:image:height\" content=\"1080\" \/>\n\t<meta property=\"og:image:type\" content=\"image\/jpeg\" \/>\n<meta name=\"twitter:card\" content=\"summary_large_image\" \/>\n<!-- \/ Yoast SEO plugin. -->","yoast_head_json":{"title":"Unsere Lage in Rhodos| Apollo Blue","robots":{"index":"index","follow":"follow","max-snippet":"max-snippet:-1","max-image-preview":"max-image-preview:large","max-video-preview":"max-video-preview:-1"},"canonical":"https:\/\/www.apolloblue.gr\/de\/location\/","og_locale":"de_DE","og_type":"article","og_title":"Unsere Lage in Rhodos| Apollo Blue","og_description":"Markieren Sie Ihren bisher himmlischsten Urlaub auf der Karte! Entdecken Sie unsere einmalige Strand-Kulisse &amp; erkunden Sie unsere sensationelle Umgebung. Sammeln Sie all die seligen","og_url":"https:\/\/www.apolloblue.gr\/de\/location\/","og_site_name":"Apollo Blue Hotel","article_modified_time":"2020-11-24T11:15:23+00:00","og_image":[{"width":1920,"height":1080,"url":"https:\/\/www.apolloblue.gr\/app\/uploads\/sites\/45\/2020\/03\/full_OldTown_by_ApolloBeach.jpg","type":"image\/jpeg"}],"twitter_card":"summary_large_image","schema":{"@context":"https:\/\/schema.org","@graph":[{"@type":"WebPage","@id":"https:\/\/www.apolloblue.gr\/de\/location\/","url":"https:\/\/www.apolloblue.gr\/de\/location\/","name":"Unsere Lage in Rhodos| Apollo Blue","isPartOf":{"@id":"https:\/\/www.apolloblue.gr\/de\/#website"},"primaryImageOfPage":{"@id":"https:\/\/www.apolloblue.gr\/de\/location\/#primaryimage"},"image":{"@id":"https:\/\/www.apolloblue.gr\/de\/location\/#primaryimage"},"thumbnailUrl":"https:\/\/www.apolloblue.gr\/app\/uploads\/sites\/45\/2020\/03\/full_OldTown_by_ApolloBeach.jpg","datePublished":"2020-02-13T11:38:27+00:00","dateModified":"2020-11-24T11:15:23+00:00","breadcrumb":{"@id":"https:\/\/www.apolloblue.gr\/de\/location\/#breadcrumb"},"inLanguage":"de","potentialAction":[{"@type":"ReadAction","target":["https:\/\/www.apolloblue.gr\/de\/location\/"]}]},{"@type":"ImageObject","inLanguage":"de","@id":"https:\/\/www.apolloblue.gr\/de\/location\/#primaryimage","url":"https:\/\/www.apolloblue.gr\/app\/uploads\/sites\/45\/2020\/03\/full_OldTown_by_ApolloBeach.jpg","contentUrl":"https:\/\/www.apolloblue.gr\/app\/uploads\/sites\/45\/2020\/03\/full_OldTown_by_ApolloBeach.jpg","width":1920,"height":1080},{"@type":"BreadcrumbList","@id":"https:\/\/www.apolloblue.gr\/de\/location\/#breadcrumb","itemListElement":[{"@type":"ListItem","position":1,"name":"Home","item":"https:\/\/www.apolloblue.gr\/de\/"},{"@type":"ListItem","position":2,"name":"Lage"}]},{"@type":"WebSite","@id":"https:\/\/www.apolloblue.gr\/de\/#website","url":"https:\/\/www.apolloblue.gr\/de\/","name":"Apollo Blue Hotel","description":"Check into a heavenly place. Surrender to the feeling of absolute exaltation that Apollo Blue&#039;s 5 star hotel in Rhodes provides.","potentialAction":[{"@type":"SearchAction","target":{"@type":"EntryPoint","urlTemplate":"https:\/\/www.apolloblue.gr\/de\/?s={search_term_string}"},"query-input":{"@type":"PropertyValueSpecification","valueRequired":true,"valueName":"search_term_string"}}],"inLanguage":"de"}]}},"_links":{"self":[{"href":"https:\/\/www.apolloblue.gr\/de\/wp-json\/wp\/v2\/pages\/1342","targetHints":{"allow":["GET"]}}],"collection":[{"href":"https:\/\/www.apolloblue.gr\/de\/wp-json\/wp\/v2\/pages"}],"about":[{"href":"https:\/\/www.apolloblue.gr\/de\/wp-json\/wp\/v2\/types\/page"}],"author":[{"embeddable":true,"href":"https:\/\/www.apolloblue.gr\/de\/wp-json\/wp\/v2\/users\/1"}],"replies":[{"embeddable":true,"href":"https:\/\/www.apolloblue.gr\/de\/wp-json\/wp\/v2\/comments?post=1342"}],"version-history":[{"count":6,"href":"https:\/\/www.apolloblue.gr\/de\/wp-json\/wp\/v2\/pages\/1342\/revisions"}],"predecessor-version":[{"id":1413,"href":"https:\/\/www.apolloblue.gr\/de\/wp-json\/wp\/v2\/pages\/1342\/revisions\/1413"}],"wp:featuredmedia":[{"embeddable":true,"href":"https:\/\/www.apolloblue.gr\/de\/wp-json\/wp\/v2\/media\/1167"}],"wp:attachment":[{"href":"https:\/\/www.apolloblue.gr\/de\/wp-json\/wp\/v2\/media?parent=1342"}],"curies":[{"name":"wp","href":"https:\/\/api.w.org\/{rel}","templated":true}]}}