{"id":1355,"date":"2020-03-23T17:05:23","date_gmt":"2020-03-23T14:05:23","guid":{"rendered":"https:\/\/www.apolloblue.gr\/location\/the-new-town-of-rhodes\/"},"modified":"2021-07-08T18:24:52","modified_gmt":"2021-07-08T15:24:52","slug":"the-new-town-of-rhodes","status":"publish","type":"page","link":"https:\/\/www.apolloblue.gr\/de\/location\/the-new-town-of-rhodes\/","title":{"rendered":"Die Neustadt von Rhodos"},"content":{"rendered":"<p>Schlendert man durch die \u201cNeustadt\u201c, entdeckt man den kleinen Stadthafen von Mandraki, mit den Statuen der rhodischen Hirsche im Eingangsbereich. Der Legende nach hat hier einst der massive Koloss von Rhodos gestanden. Neben Mandraki liegen die Marina mit den traditionellen Windm\u00fchlen und die Sankt-Nikolaus-Festung. Heute wird die Marina von besuchenden Segelbooten und Yachten befahren. Wenn man durch die Gegend spaziert, kann man die beeindruckenden Geb\u00e4ude aus der italienischen Zeit der Insel bewundern, die alle hervorragende Beispiele der europ\u00e4ischen Architektur aus dem fr\u00fchen 20. Jahrhundert sind.<\/p>\n<p>Dazu geh\u00f6ren das Geb\u00e4ude des Postamts, vom italienischen Architekt Florestano di Fausto entworfen, und das Geb\u00e4ude der Pr\u00e4fektur Dodekanes, vormals bekannt als Gouverneur-Palast. Sie werden die vielen verschiedenen Architekturstile bemerken, sowie vielleicht auch die \u00c4hnlichkeit zum Dogenpalast von Venedig. Die Evangelismos Kirche (Mari\u00e4-Verk\u00fcndigung-Kirche), das Rathaus und das Nationale Theater sind noch einige Geb\u00e4ude, die die Erinnerungen aus der italienischen Vergangenheit der Insel wach halten.<\/p>\n<p>Sehensw\u00fcrdigkeiten:<br \/>\n&#8211; Elli Strand; an der Nordspitze der Stadt Rhodos gelegen, ist dieser kosmopolitische Strand mit trendigen Strandbars und mit dem ber\u00fchmten Sprungturm ausgestattet, der aus 1920 stammt und als \u201cTrabolino\u201d bekannt ist.<br \/>\n&#8211; Das Grande Albergo delle Rose; ein wundersch\u00f6n renoviertes, historisches Geb\u00e4ude, in dem heute das luxuri\u00f6se Casino der Stadt untergebracht ist.<br \/>\n&#8211; Das Aquarium und die Hydrobiologische Station von Rhodos; ein historisches Geb\u00e4ude im Stil des Art deco, das als Wahrzeichen der Insel gilt und sich an der Spitze des n\u00f6rdlichen Kaps befindet. Wagen Sie sich in die h\u00f6hlenartigen Ausstellungsr\u00e4ume und sehen Sie sich Beispiele des Meereslebens der Gegend an.<\/p>\n<p>Lokaler Geheimtipp:<br \/>\nBrechen Sie von dem Mandraki Hafen und der Marina auf, gehen Sie durch das Sankt-Paul-Tor, wo das j\u00e4hrliche Rhodos Jazz Festival stattfindet, und bewundern Sie die atemberaubende Aussicht. Dann folgen Sie dem h\u00f6lzernen K\u00fcstenpfad, um das Tor der Marina und den Haupteingang zur mittelalterlichen Altstadt zu erreichen. Dies ist ein 30 Minuten langer, h\u00f6chst fotogener und malerischer Spaziergang bis zum lebhaften Teil der Stadt.<\/p>\n","protected":false},"excerpt":{"rendered":"<p>Schlendert man durch die \u201cNeustadt\u201c, entdeckt man den kleinen Stadthafen von Mandraki, mit den Statuen der rhodischen Hirsche im Eingangsbereich. Der Legende nach hat hier<\/p>\n","protected":false},"author":1,"featured_media":1165,"parent":1342,"menu_order":0,"comment_status":"closed","ping_status":"closed","template":"","meta":{"_acf_changed":false,"footnotes":""},"class_list":["post-1355","page","type-page","status-publish","has-post-thumbnail","hentry"],"acf":[],"yoast_head":"<!-- This site is optimized with the Yoast SEO plugin v27.4 - https:\/\/yoast.com\/product\/yoast-seo-wordpress\/ -->\n<title>Die Neustadt von Rhodos - Apollo Blue Hotel<\/title>\n<meta name=\"robots\" content=\"index, follow, max-snippet:-1, max-image-preview:large, max-video-preview:-1\" \/>\n<link rel=\"canonical\" href=\"https:\/\/www.apolloblue.gr\/de\/location\/the-new-town-of-rhodes\/\" \/>\n<meta property=\"og:locale\" content=\"de_DE\" \/>\n<meta property=\"og:type\" content=\"article\" \/>\n<meta property=\"og:title\" content=\"Die Neustadt von Rhodos - Apollo Blue Hotel\" \/>\n<meta property=\"og:description\" content=\"Schlendert man durch die \u201cNeustadt\u201c, entdeckt man den kleinen Stadthafen von Mandraki, mit den Statuen der rhodischen Hirsche im Eingangsbereich. Der Legende nach hat hier\" \/>\n<meta property=\"og:url\" content=\"https:\/\/www.apolloblue.gr\/de\/location\/the-new-town-of-rhodes\/\" \/>\n<meta property=\"og:site_name\" content=\"Apollo Blue Hotel\" \/>\n<meta property=\"article:modified_time\" content=\"2021-07-08T15:24:52+00:00\" \/>\n<meta property=\"og:image\" content=\"https:\/\/www.apolloblue.gr\/app\/uploads\/sites\/45\/2020\/03\/full_Rhodes3.jpg\" \/>\n\t<meta property=\"og:image:width\" content=\"1920\" \/>\n\t<meta property=\"og:image:height\" content=\"1091\" \/>\n\t<meta property=\"og:image:type\" content=\"image\/jpeg\" \/>\n<meta name=\"twitter:card\" content=\"summary_large_image\" \/>\n<meta name=\"twitter:label1\" content=\"Gesch\u00e4tzte Lesezeit\" \/>\n\t<meta name=\"twitter:data1\" content=\"2\u00a0Minuten\" \/>\n<!-- \/ Yoast SEO plugin. -->","yoast_head_json":{"title":"Die Neustadt von Rhodos - Apollo Blue Hotel","robots":{"index":"index","follow":"follow","max-snippet":"max-snippet:-1","max-image-preview":"max-image-preview:large","max-video-preview":"max-video-preview:-1"},"canonical":"https:\/\/www.apolloblue.gr\/de\/location\/the-new-town-of-rhodes\/","og_locale":"de_DE","og_type":"article","og_title":"Die Neustadt von Rhodos - Apollo Blue Hotel","og_description":"Schlendert man durch die \u201cNeustadt\u201c, entdeckt man den kleinen Stadthafen von Mandraki, mit den Statuen der rhodischen Hirsche im Eingangsbereich. Der Legende nach hat hier","og_url":"https:\/\/www.apolloblue.gr\/de\/location\/the-new-town-of-rhodes\/","og_site_name":"Apollo Blue Hotel","article_modified_time":"2021-07-08T15:24:52+00:00","og_image":[{"width":1920,"height":1091,"url":"https:\/\/www.apolloblue.gr\/app\/uploads\/sites\/45\/2020\/03\/full_Rhodes3.jpg","type":"image\/jpeg"}],"twitter_card":"summary_large_image","twitter_misc":{"Gesch\u00e4tzte Lesezeit":"2\u00a0Minuten"},"schema":{"@context":"https:\/\/schema.org","@graph":[{"@type":"WebPage","@id":"https:\/\/www.apolloblue.gr\/de\/location\/the-new-town-of-rhodes\/","url":"https:\/\/www.apolloblue.gr\/de\/location\/the-new-town-of-rhodes\/","name":"Die Neustadt von Rhodos - Apollo Blue Hotel","isPartOf":{"@id":"https:\/\/www.apolloblue.gr\/de\/#website"},"primaryImageOfPage":{"@id":"https:\/\/www.apolloblue.gr\/de\/location\/the-new-town-of-rhodes\/#primaryimage"},"image":{"@id":"https:\/\/www.apolloblue.gr\/de\/location\/the-new-town-of-rhodes\/#primaryimage"},"thumbnailUrl":"https:\/\/www.apolloblue.gr\/app\/uploads\/sites\/45\/2020\/03\/full_Rhodes3.jpg","datePublished":"2020-03-23T14:05:23+00:00","dateModified":"2021-07-08T15:24:52+00:00","breadcrumb":{"@id":"https:\/\/www.apolloblue.gr\/de\/location\/the-new-town-of-rhodes\/#breadcrumb"},"inLanguage":"de","potentialAction":[{"@type":"ReadAction","target":["https:\/\/www.apolloblue.gr\/de\/location\/the-new-town-of-rhodes\/"]}]},{"@type":"ImageObject","inLanguage":"de","@id":"https:\/\/www.apolloblue.gr\/de\/location\/the-new-town-of-rhodes\/#primaryimage","url":"https:\/\/www.apolloblue.gr\/app\/uploads\/sites\/45\/2020\/03\/full_Rhodes3.jpg","contentUrl":"https:\/\/www.apolloblue.gr\/app\/uploads\/sites\/45\/2020\/03\/full_Rhodes3.jpg","width":1920,"height":1091,"caption":"rhodes"},{"@type":"BreadcrumbList","@id":"https:\/\/www.apolloblue.gr\/de\/location\/the-new-town-of-rhodes\/#breadcrumb","itemListElement":[{"@type":"ListItem","position":1,"name":"Home","item":"https:\/\/www.apolloblue.gr\/de\/"},{"@type":"ListItem","position":2,"name":"Lage","item":"https:\/\/www.apolloblue.gr\/de\/location\/"},{"@type":"ListItem","position":3,"name":"Die Neustadt von Rhodos"}]},{"@type":"WebSite","@id":"https:\/\/www.apolloblue.gr\/de\/#website","url":"https:\/\/www.apolloblue.gr\/de\/","name":"Apollo Blue Hotel","description":"Check into a heavenly place. Surrender to the feeling of absolute exaltation that Apollo Blue&#039;s 5 star hotel in Rhodes provides.","potentialAction":[{"@type":"SearchAction","target":{"@type":"EntryPoint","urlTemplate":"https:\/\/www.apolloblue.gr\/de\/?s={search_term_string}"},"query-input":{"@type":"PropertyValueSpecification","valueRequired":true,"valueName":"search_term_string"}}],"inLanguage":"de"}]}},"_links":{"self":[{"href":"https:\/\/www.apolloblue.gr\/de\/wp-json\/wp\/v2\/pages\/1355","targetHints":{"allow":["GET"]}}],"collection":[{"href":"https:\/\/www.apolloblue.gr\/de\/wp-json\/wp\/v2\/pages"}],"about":[{"href":"https:\/\/www.apolloblue.gr\/de\/wp-json\/wp\/v2\/types\/page"}],"author":[{"embeddable":true,"href":"https:\/\/www.apolloblue.gr\/de\/wp-json\/wp\/v2\/users\/1"}],"replies":[{"embeddable":true,"href":"https:\/\/www.apolloblue.gr\/de\/wp-json\/wp\/v2\/comments?post=1355"}],"version-history":[{"count":5,"href":"https:\/\/www.apolloblue.gr\/de\/wp-json\/wp\/v2\/pages\/1355\/revisions"}],"predecessor-version":[{"id":2521,"href":"https:\/\/www.apolloblue.gr\/de\/wp-json\/wp\/v2\/pages\/1355\/revisions\/2521"}],"up":[{"embeddable":true,"href":"https:\/\/www.apolloblue.gr\/de\/wp-json\/wp\/v2\/pages\/1342"}],"wp:featuredmedia":[{"embeddable":true,"href":"https:\/\/www.apolloblue.gr\/de\/wp-json\/wp\/v2\/media\/1165"}],"wp:attachment":[{"href":"https:\/\/www.apolloblue.gr\/de\/wp-json\/wp\/v2\/media?parent=1355"}],"curies":[{"name":"wp","href":"https:\/\/api.w.org\/{rel}","templated":true}]}}