{"id":1366,"date":"2020-03-23T17:43:41","date_gmt":"2020-03-23T14:43:41","guid":{"rendered":"https:\/\/www.apolloblue.gr\/location\/the-baths-springs-of-kallithea\/"},"modified":"2021-07-08T18:23:21","modified_gmt":"2021-07-08T15:23:21","slug":"the-baths-springs-of-kallithea","status":"publish","type":"page","link":"https:\/\/www.apolloblue.gr\/de\/location\/the-baths-springs-of-kallithea\/","title":{"rendered":"Die Thermen von Kallithea"},"content":{"rendered":"<p>Wenn Sie sich etwa 10 km au\u00dferhalb des Zentrums von Rhodos hinauswagen, werden Sie auf die Thermen an der Kallithea-Bucht sto\u00dfen. Seit der Antike f\u00fcr ihren therapeutischen und heilenden Nutzen bekannt, wurden sie h\u00e4ufig von Einheimischen besucht, um das nat\u00fcrliche Wohlf\u00fchlen aufzusaugen, das aus den Felsrissen quellte. In den 1920er Jahren wurde ein einmaliger Baukomplex konstruiert, um die gleichnamigen Thermen zu beherbergen, der inzwischen restauriert und renoviert worden ist.<\/p>\n<p>Lokaler Geheimtipp:<br \/>\nBei Ihrem Besuch dort haben Sie die M\u00f6glichkeit, die Pracht der Anlage zu bewundern, aber auch das gro\u00dfartige Detail der Kieselmosaiken, die Rotonta Halle, die Terrasse, den beeindruckenden Innenhof und die Treppen am Eingang. Entspannen und erfrischen Sie sich mit einer Schwimmrunde im kristallklaren Wasser des Strandes<\/p>\n","protected":false},"excerpt":{"rendered":"<p>Wenn Sie sich etwa 10 km au\u00dferhalb des Zentrums von Rhodos hinauswagen, werden Sie auf die Thermen an der Kallithea-Bucht sto\u00dfen. Seit der Antike f\u00fcr<\/p>\n","protected":false},"author":1,"featured_media":1157,"parent":1342,"menu_order":0,"comment_status":"closed","ping_status":"closed","template":"","meta":{"_acf_changed":false,"footnotes":""},"class_list":["post-1366","page","type-page","status-publish","has-post-thumbnail","hentry"],"acf":[],"yoast_head":"<!-- This site is optimized with the Yoast SEO plugin v27.4 - https:\/\/yoast.com\/product\/yoast-seo-wordpress\/ -->\n<title>Die Thermen von Kallithea - Apollo Blue Hotel<\/title>\n<meta name=\"robots\" content=\"index, follow, max-snippet:-1, max-image-preview:large, max-video-preview:-1\" \/>\n<link rel=\"canonical\" href=\"https:\/\/www.apolloblue.gr\/de\/location\/the-baths-springs-of-kallithea\/\" \/>\n<meta property=\"og:locale\" content=\"de_DE\" \/>\n<meta property=\"og:type\" content=\"article\" \/>\n<meta property=\"og:title\" content=\"Die Thermen von Kallithea - Apollo Blue Hotel\" \/>\n<meta property=\"og:description\" content=\"Wenn Sie sich etwa 10 km au\u00dferhalb des Zentrums von Rhodos hinauswagen, werden Sie auf die Thermen an der Kallithea-Bucht sto\u00dfen. Seit der Antike f\u00fcr\" \/>\n<meta property=\"og:url\" content=\"https:\/\/www.apolloblue.gr\/de\/location\/the-baths-springs-of-kallithea\/\" \/>\n<meta property=\"og:site_name\" content=\"Apollo Blue Hotel\" \/>\n<meta property=\"article:modified_time\" content=\"2021-07-08T15:23:21+00:00\" \/>\n<meta property=\"og:image\" content=\"https:\/\/www.apolloblue.gr\/app\/uploads\/sites\/45\/2020\/03\/full_7Springs1.jpg\" \/>\n\t<meta property=\"og:image:width\" content=\"1920\" \/>\n\t<meta property=\"og:image:height\" content=\"1080\" \/>\n\t<meta property=\"og:image:type\" content=\"image\/jpeg\" \/>\n<meta name=\"twitter:card\" content=\"summary_large_image\" \/>\n<meta name=\"twitter:label1\" content=\"Gesch\u00e4tzte Lesezeit\" \/>\n\t<meta name=\"twitter:data1\" content=\"1\u00a0Minute\" \/>\n<!-- \/ Yoast SEO plugin. -->","yoast_head_json":{"title":"Die Thermen von Kallithea - Apollo Blue Hotel","robots":{"index":"index","follow":"follow","max-snippet":"max-snippet:-1","max-image-preview":"max-image-preview:large","max-video-preview":"max-video-preview:-1"},"canonical":"https:\/\/www.apolloblue.gr\/de\/location\/the-baths-springs-of-kallithea\/","og_locale":"de_DE","og_type":"article","og_title":"Die Thermen von Kallithea - Apollo Blue Hotel","og_description":"Wenn Sie sich etwa 10 km au\u00dferhalb des Zentrums von Rhodos hinauswagen, werden Sie auf die Thermen an der Kallithea-Bucht sto\u00dfen. Seit der Antike f\u00fcr","og_url":"https:\/\/www.apolloblue.gr\/de\/location\/the-baths-springs-of-kallithea\/","og_site_name":"Apollo Blue Hotel","article_modified_time":"2021-07-08T15:23:21+00:00","og_image":[{"width":1920,"height":1080,"url":"https:\/\/www.apolloblue.gr\/app\/uploads\/sites\/45\/2020\/03\/full_7Springs1.jpg","type":"image\/jpeg"}],"twitter_card":"summary_large_image","twitter_misc":{"Gesch\u00e4tzte Lesezeit":"1\u00a0Minute"},"schema":{"@context":"https:\/\/schema.org","@graph":[{"@type":"WebPage","@id":"https:\/\/www.apolloblue.gr\/de\/location\/the-baths-springs-of-kallithea\/","url":"https:\/\/www.apolloblue.gr\/de\/location\/the-baths-springs-of-kallithea\/","name":"Die Thermen von Kallithea - Apollo Blue Hotel","isPartOf":{"@id":"https:\/\/www.apolloblue.gr\/de\/#website"},"primaryImageOfPage":{"@id":"https:\/\/www.apolloblue.gr\/de\/location\/the-baths-springs-of-kallithea\/#primaryimage"},"image":{"@id":"https:\/\/www.apolloblue.gr\/de\/location\/the-baths-springs-of-kallithea\/#primaryimage"},"thumbnailUrl":"https:\/\/www.apolloblue.gr\/app\/uploads\/sites\/45\/2020\/03\/full_7Springs1.jpg","datePublished":"2020-03-23T14:43:41+00:00","dateModified":"2021-07-08T15:23:21+00:00","breadcrumb":{"@id":"https:\/\/www.apolloblue.gr\/de\/location\/the-baths-springs-of-kallithea\/#breadcrumb"},"inLanguage":"de","potentialAction":[{"@type":"ReadAction","target":["https:\/\/www.apolloblue.gr\/de\/location\/the-baths-springs-of-kallithea\/"]}]},{"@type":"ImageObject","inLanguage":"de","@id":"https:\/\/www.apolloblue.gr\/de\/location\/the-baths-springs-of-kallithea\/#primaryimage","url":"https:\/\/www.apolloblue.gr\/app\/uploads\/sites\/45\/2020\/03\/full_7Springs1.jpg","contentUrl":"https:\/\/www.apolloblue.gr\/app\/uploads\/sites\/45\/2020\/03\/full_7Springs1.jpg","width":1920,"height":1080},{"@type":"BreadcrumbList","@id":"https:\/\/www.apolloblue.gr\/de\/location\/the-baths-springs-of-kallithea\/#breadcrumb","itemListElement":[{"@type":"ListItem","position":1,"name":"Home","item":"https:\/\/www.apolloblue.gr\/de\/"},{"@type":"ListItem","position":2,"name":"Lage","item":"https:\/\/www.apolloblue.gr\/de\/location\/"},{"@type":"ListItem","position":3,"name":"Die Thermen von Kallithea"}]},{"@type":"WebSite","@id":"https:\/\/www.apolloblue.gr\/de\/#website","url":"https:\/\/www.apolloblue.gr\/de\/","name":"Apollo Blue Hotel","description":"Check into a heavenly place. Surrender to the feeling of absolute exaltation that Apollo Blue&#039;s 5 star hotel in Rhodes provides.","potentialAction":[{"@type":"SearchAction","target":{"@type":"EntryPoint","urlTemplate":"https:\/\/www.apolloblue.gr\/de\/?s={search_term_string}"},"query-input":{"@type":"PropertyValueSpecification","valueRequired":true,"valueName":"search_term_string"}}],"inLanguage":"de"}]}},"_links":{"self":[{"href":"https:\/\/www.apolloblue.gr\/de\/wp-json\/wp\/v2\/pages\/1366","targetHints":{"allow":["GET"]}}],"collection":[{"href":"https:\/\/www.apolloblue.gr\/de\/wp-json\/wp\/v2\/pages"}],"about":[{"href":"https:\/\/www.apolloblue.gr\/de\/wp-json\/wp\/v2\/types\/page"}],"author":[{"embeddable":true,"href":"https:\/\/www.apolloblue.gr\/de\/wp-json\/wp\/v2\/users\/1"}],"replies":[{"embeddable":true,"href":"https:\/\/www.apolloblue.gr\/de\/wp-json\/wp\/v2\/comments?post=1366"}],"version-history":[{"count":3,"href":"https:\/\/www.apolloblue.gr\/de\/wp-json\/wp\/v2\/pages\/1366\/revisions"}],"predecessor-version":[{"id":2519,"href":"https:\/\/www.apolloblue.gr\/de\/wp-json\/wp\/v2\/pages\/1366\/revisions\/2519"}],"up":[{"embeddable":true,"href":"https:\/\/www.apolloblue.gr\/de\/wp-json\/wp\/v2\/pages\/1342"}],"wp:featuredmedia":[{"embeddable":true,"href":"https:\/\/www.apolloblue.gr\/de\/wp-json\/wp\/v2\/media\/1157"}],"wp:attachment":[{"href":"https:\/\/www.apolloblue.gr\/de\/wp-json\/wp\/v2\/media?parent=1366"}],"curies":[{"name":"wp","href":"https:\/\/api.w.org\/{rel}","templated":true}]}}