{"id":1372,"date":"2020-03-23T17:58:15","date_gmt":"2020-03-23T14:58:15","guid":{"rendered":"https:\/\/www.apolloblue.gr\/location\/the-ancient-cities-of-ialysos-and-kamiros\/"},"modified":"2021-07-08T18:22:14","modified_gmt":"2021-07-08T15:22:14","slug":"the-ancient-cities-of-ialysos-and-kamiros","status":"publish","type":"page","link":"https:\/\/www.apolloblue.gr\/de\/location\/the-ancient-cities-of-ialysos-and-kamiros\/","title":{"rendered":"Die antiken St\u00e4dte Ialysos und Kamiros"},"content":{"rendered":"<p>Rhodos ist eine entz\u00fcckende Mischung von antikem Erbe und mittelalterlichem Charme. Insgesamt gibt es drei antike St\u00e4dte, das schon genannte Lindos, sowie Kamiros und Ialysos. Das antike Ialysos, die Geburtsst\u00e4tte von Diagoras, dem antiken olympischen Boxer, befindet sich auf dem H\u00fcgel von Filerimos, unweit vom Zentrum von Rhodos. Dort werden Sie die \u00dcberreste des antiken Tempels der Athena Polias und ein aus dem 13. Jahrhundert stammende Kloster finden, das der Muttergottes gewidmet ist. Das antike Kamiros, die kleinste unter den drei antiken St\u00e4dten, stammt aus dem 6. Jahrhundert v. Chr. und ist mit gut erhaltenen Ruinen einer Agora, sowie Villen und Tempeln, aber auch mit einigen S\u00e4ulen einer der G\u00f6ttin Athene gewidmeten Akropolis \u00fcbers\u00e4t.<\/p>\n<p>Lokaler Geheimtipp:<br \/>\nDiese zwei antike St\u00e4dte sind nur eine halbe Stunde mit dem Auto voneinander entfernt. Dank ihrer wundersch\u00f6nen Lage hat man von hier aus Aussicht auf das Meer und die Ungebung. Sie k\u00f6nnen beide innerhalb von wenigen Stunden besuchen, um das fantastische Panorama zu genie\u00dfen und das reiche historische Erbe beider St\u00e4tten zu bewundern, die Sie sofort in die Antike zur\u00fcckversetzen werden.<\/p>\n","protected":false},"excerpt":{"rendered":"<p>Rhodos ist eine entz\u00fcckende Mischung von antikem Erbe und mittelalterlichem Charme. Insgesamt gibt es drei antike St\u00e4dte, das schon genannte Lindos, sowie Kamiros und Ialysos.<\/p>\n","protected":false},"author":1,"featured_media":1163,"parent":1342,"menu_order":0,"comment_status":"closed","ping_status":"closed","template":"","meta":{"_acf_changed":false,"footnotes":""},"class_list":["post-1372","page","type-page","status-publish","has-post-thumbnail","hentry"],"acf":[],"yoast_head":"<!-- This site is optimized with the Yoast SEO plugin v27.4 - https:\/\/yoast.com\/product\/yoast-seo-wordpress\/ -->\n<title>Die antiken St\u00e4dte Ialysos und Kamiros - Apollo Blue Hotel<\/title>\n<meta name=\"robots\" content=\"index, follow, max-snippet:-1, max-image-preview:large, max-video-preview:-1\" \/>\n<link rel=\"canonical\" href=\"https:\/\/www.apolloblue.gr\/de\/location\/the-ancient-cities-of-ialysos-and-kamiros\/\" \/>\n<meta property=\"og:locale\" content=\"de_DE\" \/>\n<meta property=\"og:type\" content=\"article\" \/>\n<meta property=\"og:title\" content=\"Die antiken St\u00e4dte Ialysos und Kamiros - Apollo Blue Hotel\" \/>\n<meta property=\"og:description\" content=\"Rhodos ist eine entz\u00fcckende Mischung von antikem Erbe und mittelalterlichem Charme. Insgesamt gibt es drei antike St\u00e4dte, das schon genannte Lindos, sowie Kamiros und Ialysos.\" \/>\n<meta property=\"og:url\" content=\"https:\/\/www.apolloblue.gr\/de\/location\/the-ancient-cities-of-ialysos-and-kamiros\/\" \/>\n<meta property=\"og:site_name\" content=\"Apollo Blue Hotel\" \/>\n<meta property=\"article:modified_time\" content=\"2021-07-08T15:22:14+00:00\" \/>\n<meta property=\"og:image\" content=\"https:\/\/www.apolloblue.gr\/app\/uploads\/sites\/45\/2020\/03\/full_AncientRKamiros.jpg\" \/>\n\t<meta property=\"og:image:width\" content=\"1920\" \/>\n\t<meta property=\"og:image:height\" content=\"1091\" \/>\n\t<meta property=\"og:image:type\" content=\"image\/jpeg\" \/>\n<meta name=\"twitter:card\" content=\"summary_large_image\" \/>\n<meta name=\"twitter:label1\" content=\"Gesch\u00e4tzte Lesezeit\" \/>\n\t<meta name=\"twitter:data1\" content=\"1\u00a0Minute\" \/>\n<!-- \/ Yoast SEO plugin. -->","yoast_head_json":{"title":"Die antiken St\u00e4dte Ialysos und Kamiros - Apollo Blue Hotel","robots":{"index":"index","follow":"follow","max-snippet":"max-snippet:-1","max-image-preview":"max-image-preview:large","max-video-preview":"max-video-preview:-1"},"canonical":"https:\/\/www.apolloblue.gr\/de\/location\/the-ancient-cities-of-ialysos-and-kamiros\/","og_locale":"de_DE","og_type":"article","og_title":"Die antiken St\u00e4dte Ialysos und Kamiros - Apollo Blue Hotel","og_description":"Rhodos ist eine entz\u00fcckende Mischung von antikem Erbe und mittelalterlichem Charme. Insgesamt gibt es drei antike St\u00e4dte, das schon genannte Lindos, sowie Kamiros und Ialysos.","og_url":"https:\/\/www.apolloblue.gr\/de\/location\/the-ancient-cities-of-ialysos-and-kamiros\/","og_site_name":"Apollo Blue Hotel","article_modified_time":"2021-07-08T15:22:14+00:00","og_image":[{"width":1920,"height":1091,"url":"https:\/\/www.apolloblue.gr\/app\/uploads\/sites\/45\/2020\/03\/full_AncientRKamiros.jpg","type":"image\/jpeg"}],"twitter_card":"summary_large_image","twitter_misc":{"Gesch\u00e4tzte Lesezeit":"1\u00a0Minute"},"schema":{"@context":"https:\/\/schema.org","@graph":[{"@type":"WebPage","@id":"https:\/\/www.apolloblue.gr\/de\/location\/the-ancient-cities-of-ialysos-and-kamiros\/","url":"https:\/\/www.apolloblue.gr\/de\/location\/the-ancient-cities-of-ialysos-and-kamiros\/","name":"Die antiken St\u00e4dte Ialysos und Kamiros - Apollo Blue Hotel","isPartOf":{"@id":"https:\/\/www.apolloblue.gr\/de\/#website"},"primaryImageOfPage":{"@id":"https:\/\/www.apolloblue.gr\/de\/location\/the-ancient-cities-of-ialysos-and-kamiros\/#primaryimage"},"image":{"@id":"https:\/\/www.apolloblue.gr\/de\/location\/the-ancient-cities-of-ialysos-and-kamiros\/#primaryimage"},"thumbnailUrl":"https:\/\/www.apolloblue.gr\/app\/uploads\/sites\/45\/2020\/03\/full_AncientRKamiros.jpg","datePublished":"2020-03-23T14:58:15+00:00","dateModified":"2021-07-08T15:22:14+00:00","breadcrumb":{"@id":"https:\/\/www.apolloblue.gr\/de\/location\/the-ancient-cities-of-ialysos-and-kamiros\/#breadcrumb"},"inLanguage":"de","potentialAction":[{"@type":"ReadAction","target":["https:\/\/www.apolloblue.gr\/de\/location\/the-ancient-cities-of-ialysos-and-kamiros\/"]}]},{"@type":"ImageObject","inLanguage":"de","@id":"https:\/\/www.apolloblue.gr\/de\/location\/the-ancient-cities-of-ialysos-and-kamiros\/#primaryimage","url":"https:\/\/www.apolloblue.gr\/app\/uploads\/sites\/45\/2020\/03\/full_AncientRKamiros.jpg","contentUrl":"https:\/\/www.apolloblue.gr\/app\/uploads\/sites\/45\/2020\/03\/full_AncientRKamiros.jpg","width":1920,"height":1091},{"@type":"BreadcrumbList","@id":"https:\/\/www.apolloblue.gr\/de\/location\/the-ancient-cities-of-ialysos-and-kamiros\/#breadcrumb","itemListElement":[{"@type":"ListItem","position":1,"name":"Home","item":"https:\/\/www.apolloblue.gr\/de\/"},{"@type":"ListItem","position":2,"name":"Lage","item":"https:\/\/www.apolloblue.gr\/de\/location\/"},{"@type":"ListItem","position":3,"name":"Die antiken St\u00e4dte Ialysos und Kamiros"}]},{"@type":"WebSite","@id":"https:\/\/www.apolloblue.gr\/de\/#website","url":"https:\/\/www.apolloblue.gr\/de\/","name":"Apollo Blue Hotel","description":"Check into a heavenly place. Surrender to the feeling of absolute exaltation that Apollo Blue&#039;s 5 star hotel in Rhodes provides.","potentialAction":[{"@type":"SearchAction","target":{"@type":"EntryPoint","urlTemplate":"https:\/\/www.apolloblue.gr\/de\/?s={search_term_string}"},"query-input":{"@type":"PropertyValueSpecification","valueRequired":true,"valueName":"search_term_string"}}],"inLanguage":"de"}]}},"_links":{"self":[{"href":"https:\/\/www.apolloblue.gr\/de\/wp-json\/wp\/v2\/pages\/1372","targetHints":{"allow":["GET"]}}],"collection":[{"href":"https:\/\/www.apolloblue.gr\/de\/wp-json\/wp\/v2\/pages"}],"about":[{"href":"https:\/\/www.apolloblue.gr\/de\/wp-json\/wp\/v2\/types\/page"}],"author":[{"embeddable":true,"href":"https:\/\/www.apolloblue.gr\/de\/wp-json\/wp\/v2\/users\/1"}],"replies":[{"embeddable":true,"href":"https:\/\/www.apolloblue.gr\/de\/wp-json\/wp\/v2\/comments?post=1372"}],"version-history":[{"count":6,"href":"https:\/\/www.apolloblue.gr\/de\/wp-json\/wp\/v2\/pages\/1372\/revisions"}],"predecessor-version":[{"id":2518,"href":"https:\/\/www.apolloblue.gr\/de\/wp-json\/wp\/v2\/pages\/1372\/revisions\/2518"}],"up":[{"embeddable":true,"href":"https:\/\/www.apolloblue.gr\/de\/wp-json\/wp\/v2\/pages\/1342"}],"wp:featuredmedia":[{"embeddable":true,"href":"https:\/\/www.apolloblue.gr\/de\/wp-json\/wp\/v2\/media\/1163"}],"wp:attachment":[{"href":"https:\/\/www.apolloblue.gr\/de\/wp-json\/wp\/v2\/media?parent=1372"}],"curies":[{"name":"wp","href":"https:\/\/api.w.org\/{rel}","templated":true}]}}