{"id":1379,"date":"2020-03-23T17:46:10","date_gmt":"2020-03-23T14:46:10","guid":{"rendered":"https:\/\/www.apolloblue.gr\/lindos\/"},"modified":"2024-08-13T14:50:49","modified_gmt":"2024-08-13T11:50:49","slug":"lindos","status":"publish","type":"page","link":"https:\/\/www.apolloblue.gr\/de\/location\/lindos\/","title":{"rendered":"Lindos"},"content":{"rendered":"<p>Eine der beliebtesten Sehensw\u00fcrdigkeiten der Insel au\u00dferhalb des Stadtzentrums von Rhodos ist Lindos. Ungef\u00e4hr auf halbem Weg bis zum anderen Ende der Insel entfernt, etwa eine Stunde vom Zentrum mit dem Auto Richtung S\u00fcdosten, hat der Ort ein beeindruckendes antikes Denkmal vorzuweisen, n\u00e4mlich die Akropolis von Lindos. Eine fesselnde Mischung aus antikem und mittelalterlichem Charme, die auf einer H\u00f6he von 116 Metern steht: Ein Muss w\u00e4hrend Ihres Aufenthalts auf Rhodos. Nicht zu verpassen sind die vielen Sehensw\u00fcrdigkeiten der Zitadelle, die von den vergangenen Zeiten zeugen; das antike Theater, die \u00dcberreste des Tempels der Athena Lindia, die byzantinische Kirche von Agios Ioannis. Das Dorf von Lindos, an einem Hang und gleich einem Labyrinth von Gassen errichtet, bietet reizende Ess- und Einkaufsm\u00f6glichkeiten an. Der Sandstrand darunter und die Bucht sind absolut atemberaubend.<\/p>\n<p>Lokaler Geheimtipp:<br \/>\nSobald Sie in Lindos sind, nehmen Sie sich Zeit f\u00fcr einen kurzen Besuch an der malerischen Sankt-Paul-Bucht. Dies ist ein popul\u00e4rer romantischer Ort, der auch als idyllische Hochzeitslocation beliebt ist. Am besten besucht man den Ort entweder sp\u00e4t am Nachmittag oder fr\u00fch am Abend, um ein sch\u00f6nes Abendessen direkt am Meer und diese einzigartige Kulisse zu genie\u00dfen.<\/p>\n","protected":false},"excerpt":{"rendered":"<p>Eine der beliebtesten Sehensw\u00fcrdigkeiten der Insel au\u00dferhalb des Stadtzentrums von Rhodos ist Lindos. Ungef\u00e4hr auf halbem Weg bis zum anderen Ende der Insel entfernt, etwa<\/p>\n","protected":false},"author":1,"featured_media":1160,"parent":1342,"menu_order":0,"comment_status":"closed","ping_status":"closed","template":"","meta":{"_acf_changed":false,"footnotes":""},"class_list":["post-1379","page","type-page","status-publish","has-post-thumbnail","hentry"],"acf":[],"yoast_head":"<!-- This site is optimized with the Yoast SEO plugin v27.4 - https:\/\/yoast.com\/product\/yoast-seo-wordpress\/ -->\n<title>Die Akropolis von Lindos , Rhodes - Apollo Blue Hotel<\/title>\n<meta name=\"robots\" content=\"index, follow, max-snippet:-1, max-image-preview:large, max-video-preview:-1\" \/>\n<link rel=\"canonical\" href=\"https:\/\/www.apolloblue.gr\/de\/location\/lindos\/\" \/>\n<meta property=\"og:locale\" content=\"de_DE\" \/>\n<meta property=\"og:type\" content=\"article\" \/>\n<meta property=\"og:title\" content=\"Die Akropolis von Lindos , Rhodes - Apollo Blue Hotel\" \/>\n<meta property=\"og:description\" content=\"Eine der beliebtesten Sehensw\u00fcrdigkeiten der Insel au\u00dferhalb des Stadtzentrums von Rhodos ist Lindos. Ungef\u00e4hr auf halbem Weg bis zum anderen Ende der Insel entfernt, etwa\" \/>\n<meta property=\"og:url\" content=\"https:\/\/www.apolloblue.gr\/de\/location\/lindos\/\" \/>\n<meta property=\"og:site_name\" content=\"Apollo Blue Hotel\" \/>\n<meta property=\"article:modified_time\" content=\"2024-08-13T11:50:49+00:00\" \/>\n<meta property=\"og:image\" content=\"https:\/\/www.apolloblue.gr\/app\/uploads\/sites\/45\/2020\/03\/full_Lindos1.jpg\" \/>\n\t<meta property=\"og:image:width\" content=\"1920\" \/>\n\t<meta property=\"og:image:height\" content=\"1080\" \/>\n\t<meta property=\"og:image:type\" content=\"image\/jpeg\" \/>\n<meta name=\"twitter:card\" content=\"summary_large_image\" \/>\n<meta name=\"twitter:label1\" content=\"Gesch\u00e4tzte Lesezeit\" \/>\n\t<meta name=\"twitter:data1\" content=\"1\u00a0Minute\" \/>\n<!-- \/ Yoast SEO plugin. -->","yoast_head_json":{"title":"Die Akropolis von Lindos , Rhodes - Apollo Blue Hotel","robots":{"index":"index","follow":"follow","max-snippet":"max-snippet:-1","max-image-preview":"max-image-preview:large","max-video-preview":"max-video-preview:-1"},"canonical":"https:\/\/www.apolloblue.gr\/de\/location\/lindos\/","og_locale":"de_DE","og_type":"article","og_title":"Die Akropolis von Lindos , Rhodes - Apollo Blue Hotel","og_description":"Eine der beliebtesten Sehensw\u00fcrdigkeiten der Insel au\u00dferhalb des Stadtzentrums von Rhodos ist Lindos. Ungef\u00e4hr auf halbem Weg bis zum anderen Ende der Insel entfernt, etwa","og_url":"https:\/\/www.apolloblue.gr\/de\/location\/lindos\/","og_site_name":"Apollo Blue Hotel","article_modified_time":"2024-08-13T11:50:49+00:00","og_image":[{"width":1920,"height":1080,"url":"https:\/\/www.apolloblue.gr\/app\/uploads\/sites\/45\/2020\/03\/full_Lindos1.jpg","type":"image\/jpeg"}],"twitter_card":"summary_large_image","twitter_misc":{"Gesch\u00e4tzte Lesezeit":"1\u00a0Minute"},"schema":{"@context":"https:\/\/schema.org","@graph":[{"@type":"WebPage","@id":"https:\/\/www.apolloblue.gr\/de\/location\/lindos\/","url":"https:\/\/www.apolloblue.gr\/de\/location\/lindos\/","name":"Die Akropolis von Lindos , Rhodes - Apollo Blue Hotel","isPartOf":{"@id":"https:\/\/www.apolloblue.gr\/de\/#website"},"primaryImageOfPage":{"@id":"https:\/\/www.apolloblue.gr\/de\/location\/lindos\/#primaryimage"},"image":{"@id":"https:\/\/www.apolloblue.gr\/de\/location\/lindos\/#primaryimage"},"thumbnailUrl":"https:\/\/www.apolloblue.gr\/app\/uploads\/sites\/45\/2020\/03\/full_Lindos1.jpg","datePublished":"2020-03-23T14:46:10+00:00","dateModified":"2024-08-13T11:50:49+00:00","breadcrumb":{"@id":"https:\/\/www.apolloblue.gr\/de\/location\/lindos\/#breadcrumb"},"inLanguage":"de","potentialAction":[{"@type":"ReadAction","target":["https:\/\/www.apolloblue.gr\/de\/location\/lindos\/"]}]},{"@type":"ImageObject","inLanguage":"de","@id":"https:\/\/www.apolloblue.gr\/de\/location\/lindos\/#primaryimage","url":"https:\/\/www.apolloblue.gr\/app\/uploads\/sites\/45\/2020\/03\/full_Lindos1.jpg","contentUrl":"https:\/\/www.apolloblue.gr\/app\/uploads\/sites\/45\/2020\/03\/full_Lindos1.jpg","width":1920,"height":1080},{"@type":"BreadcrumbList","@id":"https:\/\/www.apolloblue.gr\/de\/location\/lindos\/#breadcrumb","itemListElement":[{"@type":"ListItem","position":1,"name":"Home","item":"https:\/\/www.apolloblue.gr\/de\/"},{"@type":"ListItem","position":2,"name":"Lage","item":"https:\/\/www.apolloblue.gr\/de\/location\/"},{"@type":"ListItem","position":3,"name":"Lindos"}]},{"@type":"WebSite","@id":"https:\/\/www.apolloblue.gr\/de\/#website","url":"https:\/\/www.apolloblue.gr\/de\/","name":"Apollo Blue Hotel","description":"Check into a heavenly place. Surrender to the feeling of absolute exaltation that Apollo Blue&#039;s 5 star hotel in Rhodes provides.","potentialAction":[{"@type":"SearchAction","target":{"@type":"EntryPoint","urlTemplate":"https:\/\/www.apolloblue.gr\/de\/?s={search_term_string}"},"query-input":{"@type":"PropertyValueSpecification","valueRequired":true,"valueName":"search_term_string"}}],"inLanguage":"de"}]}},"_links":{"self":[{"href":"https:\/\/www.apolloblue.gr\/de\/wp-json\/wp\/v2\/pages\/1379","targetHints":{"allow":["GET"]}}],"collection":[{"href":"https:\/\/www.apolloblue.gr\/de\/wp-json\/wp\/v2\/pages"}],"about":[{"href":"https:\/\/www.apolloblue.gr\/de\/wp-json\/wp\/v2\/types\/page"}],"author":[{"embeddable":true,"href":"https:\/\/www.apolloblue.gr\/de\/wp-json\/wp\/v2\/users\/1"}],"replies":[{"embeddable":true,"href":"https:\/\/www.apolloblue.gr\/de\/wp-json\/wp\/v2\/comments?post=1379"}],"version-history":[{"count":3,"href":"https:\/\/www.apolloblue.gr\/de\/wp-json\/wp\/v2\/pages\/1379\/revisions"}],"predecessor-version":[{"id":2514,"href":"https:\/\/www.apolloblue.gr\/de\/wp-json\/wp\/v2\/pages\/1379\/revisions\/2514"}],"up":[{"embeddable":true,"href":"https:\/\/www.apolloblue.gr\/de\/wp-json\/wp\/v2\/pages\/1342"}],"wp:featuredmedia":[{"embeddable":true,"href":"https:\/\/www.apolloblue.gr\/de\/wp-json\/wp\/v2\/media\/1160"}],"wp:attachment":[{"href":"https:\/\/www.apolloblue.gr\/de\/wp-json\/wp\/v2\/media?parent=1379"}],"curies":[{"name":"wp","href":"https:\/\/api.w.org\/{rel}","templated":true}]}}