{"id":1390,"date":"2020-03-23T17:51:34","date_gmt":"2020-03-23T14:51:34","guid":{"rendered":"https:\/\/www.apolloblue.gr\/location\/prasonisi\/"},"modified":"2021-07-08T18:20:59","modified_gmt":"2021-07-08T15:20:59","slug":"prasonisi","status":"publish","type":"page","link":"https:\/\/www.apolloblue.gr\/de\/location\/prasonisi\/","title":{"rendered":"Prassonisi"},"content":{"rendered":"<p>Am s\u00fcdlichsten Ende der Insel befindet sich das Kap Prassonisi, eigentlich eine kleine Halbinsel, die mit der Insel \u00fcber einen Sandstreifen verbunden ist. Ein einzigartiger Ort, der ein Naturwunder von Zwillingsstr\u00e4nden vorzuweisen hat, wo das Meer die seichte, bei Ebbe trennende K\u00fcste h\u00e4ufig bedeckt. Das erstaunlich himmelblaue Wasser erzeugt ein atemberaubendes Schauspiel, dem kein Foto gerecht werden kann.<\/p>\n<p>Lokaler Geheimtipp:<br \/>\nPrassonisi ist ein wahres Paradies f\u00fcr Windsurfer und Kitesurfer, da der Wind stets an einem der beiden Str\u00e4nde weht. Dies ist ein weltber\u00fchmter Ort f\u00fcr die Liebhaber der extremen Wassersportarten.<\/p>\n","protected":false},"excerpt":{"rendered":"<p>Am s\u00fcdlichsten Ende der Insel befindet sich das Kap Prassonisi, eigentlich eine kleine Halbinsel, die mit der Insel \u00fcber einen Sandstreifen verbunden ist. Ein einzigartiger<\/p>\n","protected":false},"author":1,"featured_media":1162,"parent":1342,"menu_order":0,"comment_status":"closed","ping_status":"closed","template":"","meta":{"_acf_changed":false,"footnotes":""},"class_list":["post-1390","page","type-page","status-publish","has-post-thumbnail","hentry"],"acf":[],"yoast_head":"<!-- This site is optimized with the Yoast SEO plugin v27.5 - https:\/\/yoast.com\/product\/yoast-seo-wordpress\/ -->\n<title>Prassonisi - Apollo Blue Hotel<\/title>\n<meta name=\"robots\" content=\"index, follow, max-snippet:-1, max-image-preview:large, max-video-preview:-1\" \/>\n<link rel=\"canonical\" href=\"https:\/\/www.apolloblue.gr\/de\/location\/prasonisi\/\" \/>\n<meta property=\"og:locale\" content=\"de_DE\" \/>\n<meta property=\"og:type\" content=\"article\" \/>\n<meta property=\"og:title\" content=\"Prassonisi - Apollo Blue Hotel\" \/>\n<meta property=\"og:description\" content=\"Am s\u00fcdlichsten Ende der Insel befindet sich das Kap Prassonisi, eigentlich eine kleine Halbinsel, die mit der Insel \u00fcber einen Sandstreifen verbunden ist. Ein einzigartiger\" \/>\n<meta property=\"og:url\" content=\"https:\/\/www.apolloblue.gr\/de\/location\/prasonisi\/\" \/>\n<meta property=\"og:site_name\" content=\"Apollo Blue Hotel\" \/>\n<meta property=\"article:modified_time\" content=\"2021-07-08T15:20:59+00:00\" \/>\n<meta property=\"og:image\" content=\"https:\/\/www.apolloblue.gr\/app\/uploads\/sites\/45\/2020\/03\/full_maxresdefault5.jpg\" \/>\n\t<meta property=\"og:image:width\" content=\"1920\" \/>\n\t<meta property=\"og:image:height\" content=\"1079\" \/>\n\t<meta property=\"og:image:type\" content=\"image\/jpeg\" \/>\n<meta name=\"twitter:card\" content=\"summary_large_image\" \/>\n<!-- \/ Yoast SEO plugin. -->","yoast_head_json":{"title":"Prassonisi - Apollo Blue Hotel","robots":{"index":"index","follow":"follow","max-snippet":"max-snippet:-1","max-image-preview":"max-image-preview:large","max-video-preview":"max-video-preview:-1"},"canonical":"https:\/\/www.apolloblue.gr\/de\/location\/prasonisi\/","og_locale":"de_DE","og_type":"article","og_title":"Prassonisi - Apollo Blue Hotel","og_description":"Am s\u00fcdlichsten Ende der Insel befindet sich das Kap Prassonisi, eigentlich eine kleine Halbinsel, die mit der Insel \u00fcber einen Sandstreifen verbunden ist. Ein einzigartiger","og_url":"https:\/\/www.apolloblue.gr\/de\/location\/prasonisi\/","og_site_name":"Apollo Blue Hotel","article_modified_time":"2021-07-08T15:20:59+00:00","og_image":[{"width":1920,"height":1079,"url":"https:\/\/www.apolloblue.gr\/app\/uploads\/sites\/45\/2020\/03\/full_maxresdefault5.jpg","type":"image\/jpeg"}],"twitter_card":"summary_large_image","schema":{"@context":"https:\/\/schema.org","@graph":[{"@type":"WebPage","@id":"https:\/\/www.apolloblue.gr\/de\/location\/prasonisi\/","url":"https:\/\/www.apolloblue.gr\/de\/location\/prasonisi\/","name":"Prassonisi - Apollo Blue Hotel","isPartOf":{"@id":"https:\/\/www.apolloblue.gr\/de\/#website"},"primaryImageOfPage":{"@id":"https:\/\/www.apolloblue.gr\/de\/location\/prasonisi\/#primaryimage"},"image":{"@id":"https:\/\/www.apolloblue.gr\/de\/location\/prasonisi\/#primaryimage"},"thumbnailUrl":"https:\/\/www.apolloblue.gr\/app\/uploads\/sites\/45\/2020\/03\/full_maxresdefault5.jpg","datePublished":"2020-03-23T14:51:34+00:00","dateModified":"2021-07-08T15:20:59+00:00","breadcrumb":{"@id":"https:\/\/www.apolloblue.gr\/de\/location\/prasonisi\/#breadcrumb"},"inLanguage":"de","potentialAction":[{"@type":"ReadAction","target":["https:\/\/www.apolloblue.gr\/de\/location\/prasonisi\/"]}]},{"@type":"ImageObject","inLanguage":"de","@id":"https:\/\/www.apolloblue.gr\/de\/location\/prasonisi\/#primaryimage","url":"https:\/\/www.apolloblue.gr\/app\/uploads\/sites\/45\/2020\/03\/full_maxresdefault5.jpg","contentUrl":"https:\/\/www.apolloblue.gr\/app\/uploads\/sites\/45\/2020\/03\/full_maxresdefault5.jpg","width":1920,"height":1079},{"@type":"BreadcrumbList","@id":"https:\/\/www.apolloblue.gr\/de\/location\/prasonisi\/#breadcrumb","itemListElement":[{"@type":"ListItem","position":1,"name":"Home","item":"https:\/\/www.apolloblue.gr\/de\/"},{"@type":"ListItem","position":2,"name":"Lage","item":"https:\/\/www.apolloblue.gr\/de\/location\/"},{"@type":"ListItem","position":3,"name":"Prassonisi"}]},{"@type":"WebSite","@id":"https:\/\/www.apolloblue.gr\/de\/#website","url":"https:\/\/www.apolloblue.gr\/de\/","name":"Apollo Blue Hotel","description":"Check into a heavenly place. Surrender to the feeling of absolute exaltation that Apollo Blue&#039;s 5 star hotel in Rhodes provides.","potentialAction":[{"@type":"SearchAction","target":{"@type":"EntryPoint","urlTemplate":"https:\/\/www.apolloblue.gr\/de\/?s={search_term_string}"},"query-input":{"@type":"PropertyValueSpecification","valueRequired":true,"valueName":"search_term_string"}}],"inLanguage":"de"}]}},"_links":{"self":[{"href":"https:\/\/www.apolloblue.gr\/de\/wp-json\/wp\/v2\/pages\/1390","targetHints":{"allow":["GET"]}}],"collection":[{"href":"https:\/\/www.apolloblue.gr\/de\/wp-json\/wp\/v2\/pages"}],"about":[{"href":"https:\/\/www.apolloblue.gr\/de\/wp-json\/wp\/v2\/types\/page"}],"author":[{"embeddable":true,"href":"https:\/\/www.apolloblue.gr\/de\/wp-json\/wp\/v2\/users\/1"}],"replies":[{"embeddable":true,"href":"https:\/\/www.apolloblue.gr\/de\/wp-json\/wp\/v2\/comments?post=1390"}],"version-history":[{"count":3,"href":"https:\/\/www.apolloblue.gr\/de\/wp-json\/wp\/v2\/pages\/1390\/revisions"}],"predecessor-version":[{"id":2516,"href":"https:\/\/www.apolloblue.gr\/de\/wp-json\/wp\/v2\/pages\/1390\/revisions\/2516"}],"up":[{"embeddable":true,"href":"https:\/\/www.apolloblue.gr\/de\/wp-json\/wp\/v2\/pages\/1342"}],"wp:featuredmedia":[{"embeddable":true,"href":"https:\/\/www.apolloblue.gr\/de\/wp-json\/wp\/v2\/media\/1162"}],"wp:attachment":[{"href":"https:\/\/www.apolloblue.gr\/de\/wp-json\/wp\/v2\/media?parent=1390"}],"curies":[{"name":"wp","href":"https:\/\/api.w.org\/{rel}","templated":true}]}}