{"id":1406,"date":"2020-02-13T14:38:27","date_gmt":"2020-02-13T11:38:27","guid":{"rendered":"https:\/\/www.apolloblue.gr\/offers\/"},"modified":"2026-03-16T11:08:38","modified_gmt":"2026-03-16T08:08:38","slug":"offers-packages","status":"publish","type":"page","link":"https:\/\/www.apolloblue.gr\/de\/offers-packages\/","title":{"rendered":"Angebote &#038; Pakete"},"content":{"rendered":"<p>Wir m\u00f6chten Ihnen die bestm\u00f6gliche Urlaubserfahrung bei uns bieten. Informieren Sie sich unbedingt \u00fcber unsere aktuellen Angebote. So profitieren Sie von besseren\u00a0Preisen und k\u00f6nnen einen Mehrwert f\u00fcr Ihren Aufenthalt bei uns erreichen.<\/p>\n<p>Finden Sie das passende Angebot f\u00fcr sich und erzielen das Beste f\u00fcr Ihren Urlaub auf Rhodos.<\/p>\n","protected":false},"excerpt":{"rendered":"<p>Wir m\u00f6chten Ihnen die bestm\u00f6gliche Urlaubserfahrung bei uns bieten. Informieren Sie sich unbedingt \u00fcber unsere aktuellen Angebote. So profitieren Sie von besseren\u00a0Preisen und k\u00f6nnen einen<\/p>\n","protected":false},"author":1,"featured_media":1069,"parent":0,"menu_order":0,"comment_status":"closed","ping_status":"closed","template":"page-templates\/simple-list.php","meta":{"_acf_changed":false,"footnotes":""},"class_list":["post-1406","page","type-page","status-publish","has-post-thumbnail","hentry"],"acf":[],"yoast_head":"<!-- This site is optimized with the Yoast SEO plugin v27.5 - https:\/\/yoast.com\/product\/yoast-seo-wordpress\/ -->\n<title>Hotelangebote | Apollo Blue Resort<\/title>\n<meta name=\"robots\" content=\"index, follow, max-snippet:-1, max-image-preview:large, max-video-preview:-1\" \/>\n<link rel=\"canonical\" href=\"https:\/\/www.apolloblue.gr\/de\/offers-packages\/\" \/>\n<meta property=\"og:locale\" content=\"de_DE\" \/>\n<meta property=\"og:type\" content=\"article\" \/>\n<meta property=\"og:title\" content=\"Hotelangebote | Apollo Blue Resort\" \/>\n<meta property=\"og:description\" content=\"Wir m\u00f6chten Ihnen die bestm\u00f6gliche Urlaubserfahrung bei uns bieten. Informieren Sie sich unbedingt \u00fcber unsere aktuellen Angebote. So profitieren Sie von besseren\u00a0Preisen und k\u00f6nnen einen\" \/>\n<meta property=\"og:url\" content=\"https:\/\/www.apolloblue.gr\/de\/offers-packages\/\" \/>\n<meta property=\"og:site_name\" content=\"Apollo Blue Hotel\" \/>\n<meta property=\"article:modified_time\" content=\"2026-03-16T08:08:38+00:00\" \/>\n<meta property=\"og:image\" content=\"https:\/\/www.apolloblue.gr\/app\/uploads\/sites\/45\/2020\/02\/sentidoapolloblue15869_resized.jpg\" \/>\n\t<meta property=\"og:image:width\" content=\"1920\" \/>\n\t<meta property=\"og:image:height\" content=\"1438\" \/>\n\t<meta property=\"og:image:type\" content=\"image\/jpeg\" \/>\n<meta name=\"twitter:card\" content=\"summary_large_image\" \/>\n<meta name=\"twitter:label1\" content=\"Gesch\u00e4tzte Lesezeit\" \/>\n\t<meta name=\"twitter:data1\" content=\"1\u00a0Minute\" \/>\n<!-- \/ Yoast SEO plugin. -->","yoast_head_json":{"title":"Hotelangebote | Apollo Blue Resort","robots":{"index":"index","follow":"follow","max-snippet":"max-snippet:-1","max-image-preview":"max-image-preview:large","max-video-preview":"max-video-preview:-1"},"canonical":"https:\/\/www.apolloblue.gr\/de\/offers-packages\/","og_locale":"de_DE","og_type":"article","og_title":"Hotelangebote | Apollo Blue Resort","og_description":"Wir m\u00f6chten Ihnen die bestm\u00f6gliche Urlaubserfahrung bei uns bieten. Informieren Sie sich unbedingt \u00fcber unsere aktuellen Angebote. So profitieren Sie von besseren\u00a0Preisen und k\u00f6nnen einen","og_url":"https:\/\/www.apolloblue.gr\/de\/offers-packages\/","og_site_name":"Apollo Blue Hotel","article_modified_time":"2026-03-16T08:08:38+00:00","og_image":[{"width":1920,"height":1438,"url":"https:\/\/www.apolloblue.gr\/app\/uploads\/sites\/45\/2020\/02\/sentidoapolloblue15869_resized.jpg","type":"image\/jpeg"}],"twitter_card":"summary_large_image","twitter_misc":{"Gesch\u00e4tzte Lesezeit":"1\u00a0Minute"},"schema":{"@context":"https:\/\/schema.org","@graph":[{"@type":"WebPage","@id":"https:\/\/www.apolloblue.gr\/de\/offers-packages\/","url":"https:\/\/www.apolloblue.gr\/de\/offers-packages\/","name":"Hotelangebote | Apollo Blue Resort","isPartOf":{"@id":"https:\/\/www.apolloblue.gr\/de\/#website"},"primaryImageOfPage":{"@id":"https:\/\/www.apolloblue.gr\/de\/offers-packages\/#primaryimage"},"image":{"@id":"https:\/\/www.apolloblue.gr\/de\/offers-packages\/#primaryimage"},"thumbnailUrl":"https:\/\/www.apolloblue.gr\/app\/uploads\/sites\/45\/2020\/02\/sentidoapolloblue15869_resized.jpg","datePublished":"2020-02-13T11:38:27+00:00","dateModified":"2026-03-16T08:08:38+00:00","breadcrumb":{"@id":"https:\/\/www.apolloblue.gr\/de\/offers-packages\/#breadcrumb"},"inLanguage":"de","potentialAction":[{"@type":"ReadAction","target":["https:\/\/www.apolloblue.gr\/de\/offers-packages\/"]}]},{"@type":"ImageObject","inLanguage":"de","@id":"https:\/\/www.apolloblue.gr\/de\/offers-packages\/#primaryimage","url":"https:\/\/www.apolloblue.gr\/app\/uploads\/sites\/45\/2020\/02\/sentidoapolloblue15869_resized.jpg","contentUrl":"https:\/\/www.apolloblue.gr\/app\/uploads\/sites\/45\/2020\/02\/sentidoapolloblue15869_resized.jpg","width":1920,"height":1438,"caption":"luxury hotel offers rhodes greece"},{"@type":"BreadcrumbList","@id":"https:\/\/www.apolloblue.gr\/de\/offers-packages\/#breadcrumb","itemListElement":[{"@type":"ListItem","position":1,"name":"Home","item":"https:\/\/www.apolloblue.gr\/de\/"},{"@type":"ListItem","position":2,"name":"Angebote &#038; Pakete"}]},{"@type":"WebSite","@id":"https:\/\/www.apolloblue.gr\/de\/#website","url":"https:\/\/www.apolloblue.gr\/de\/","name":"Apollo Blue Hotel","description":"Check into a heavenly place. Surrender to the feeling of absolute exaltation that Apollo Blue&#039;s 5 star hotel in Rhodes provides.","potentialAction":[{"@type":"SearchAction","target":{"@type":"EntryPoint","urlTemplate":"https:\/\/www.apolloblue.gr\/de\/?s={search_term_string}"},"query-input":{"@type":"PropertyValueSpecification","valueRequired":true,"valueName":"search_term_string"}}],"inLanguage":"de"}]}},"_links":{"self":[{"href":"https:\/\/www.apolloblue.gr\/de\/wp-json\/wp\/v2\/pages\/1406","targetHints":{"allow":["GET"]}}],"collection":[{"href":"https:\/\/www.apolloblue.gr\/de\/wp-json\/wp\/v2\/pages"}],"about":[{"href":"https:\/\/www.apolloblue.gr\/de\/wp-json\/wp\/v2\/types\/page"}],"author":[{"embeddable":true,"href":"https:\/\/www.apolloblue.gr\/de\/wp-json\/wp\/v2\/users\/1"}],"replies":[{"embeddable":true,"href":"https:\/\/www.apolloblue.gr\/de\/wp-json\/wp\/v2\/comments?post=1406"}],"version-history":[{"count":14,"href":"https:\/\/www.apolloblue.gr\/de\/wp-json\/wp\/v2\/pages\/1406\/revisions"}],"predecessor-version":[{"id":5499,"href":"https:\/\/www.apolloblue.gr\/de\/wp-json\/wp\/v2\/pages\/1406\/revisions\/5499"}],"wp:featuredmedia":[{"embeddable":true,"href":"https:\/\/www.apolloblue.gr\/de\/wp-json\/wp\/v2\/media\/1069"}],"wp:attachment":[{"href":"https:\/\/www.apolloblue.gr\/de\/wp-json\/wp\/v2\/media?parent=1406"}],"curies":[{"name":"wp","href":"https:\/\/api.w.org\/{rel}","templated":true}]}}