{"id":1415,"date":"2020-02-13T14:38:27","date_gmt":"2020-02-13T11:38:27","guid":{"rendered":"https:\/\/www.apolloblue.gr\/experiences\/"},"modified":"2020-11-24T14:15:22","modified_gmt":"2020-11-24T11:15:22","slug":"experiences","status":"publish","type":"page","link":"https:\/\/www.apolloblue.gr\/de\/experiences\/","title":{"rendered":"Das Apollo Erlebnis"},"content":{"rendered":"<p>Bitte, erleben Sie das Unvorstellbare in einem ungeahnten Ort. Bereiten Sie sich auf eine Begeisterung all Ihrer Sinne vor.<br \/>\nDenn hier ist es, wo der Geist des Gottes Apollo wohnt.<\/p>\n<p>Bereiten Sie sich auf unausl\u00f6schliche Erlebnisse auf Rhodos vor, die sich Ihnen offenbaren lassen, w\u00e4hrend Sie in die himmlische Seite des Lebens eintauchen, wo jeder Moment pr\u00e4chtig verbracht wird.<\/p>\n","protected":false},"excerpt":{"rendered":"<p>Bitte, erleben Sie das Unvorstellbare in einem ungeahnten Ort. Bereiten Sie sich auf eine Begeisterung all Ihrer Sinne vor. Denn hier ist es, wo der<\/p>\n","protected":false},"author":1,"featured_media":1092,"parent":0,"menu_order":0,"comment_status":"closed","ping_status":"closed","template":"page-templates\/simple-list.php","meta":{"_acf_changed":false,"footnotes":""},"class_list":["post-1415","page","type-page","status-publish","has-post-thumbnail","hentry"],"acf":[],"yoast_head":"<!-- This site is optimized with the Yoast SEO plugin v27.4 - https:\/\/yoast.com\/product\/yoast-seo-wordpress\/ -->\n<title>Das Apollo Erlebnis | Apollo Blue Resort<\/title>\n<meta name=\"robots\" content=\"index, follow, max-snippet:-1, max-image-preview:large, max-video-preview:-1\" \/>\n<link rel=\"canonical\" href=\"https:\/\/www.apolloblue.gr\/de\/experiences\/\" \/>\n<meta property=\"og:locale\" content=\"de_DE\" \/>\n<meta property=\"og:type\" content=\"article\" \/>\n<meta property=\"og:title\" content=\"Das Apollo Erlebnis | Apollo Blue Resort\" \/>\n<meta property=\"og:description\" content=\"Bitte, erleben Sie das Unvorstellbare in einem ungeahnten Ort. Bereiten Sie sich auf eine Begeisterung all Ihrer Sinne vor. Denn hier ist es, wo der\" \/>\n<meta property=\"og:url\" content=\"https:\/\/www.apolloblue.gr\/de\/experiences\/\" \/>\n<meta property=\"og:site_name\" content=\"Apollo Blue Hotel\" \/>\n<meta property=\"article:modified_time\" content=\"2020-11-24T11:15:22+00:00\" \/>\n<meta property=\"og:image\" content=\"https:\/\/www.apolloblue.gr\/app\/uploads\/sites\/45\/2020\/02\/sentido_apollo_blue_1380_resized.jpg\" \/>\n\t<meta property=\"og:image:width\" content=\"1920\" \/>\n\t<meta property=\"og:image:height\" content=\"1281\" \/>\n\t<meta property=\"og:image:type\" content=\"image\/jpeg\" \/>\n<meta name=\"twitter:card\" content=\"summary_large_image\" \/>\n<!-- \/ Yoast SEO plugin. -->","yoast_head_json":{"title":"Das Apollo Erlebnis | Apollo Blue Resort","robots":{"index":"index","follow":"follow","max-snippet":"max-snippet:-1","max-image-preview":"max-image-preview:large","max-video-preview":"max-video-preview:-1"},"canonical":"https:\/\/www.apolloblue.gr\/de\/experiences\/","og_locale":"de_DE","og_type":"article","og_title":"Das Apollo Erlebnis | Apollo Blue Resort","og_description":"Bitte, erleben Sie das Unvorstellbare in einem ungeahnten Ort. Bereiten Sie sich auf eine Begeisterung all Ihrer Sinne vor. Denn hier ist es, wo der","og_url":"https:\/\/www.apolloblue.gr\/de\/experiences\/","og_site_name":"Apollo Blue Hotel","article_modified_time":"2020-11-24T11:15:22+00:00","og_image":[{"width":1920,"height":1281,"url":"https:\/\/www.apolloblue.gr\/app\/uploads\/sites\/45\/2020\/02\/sentido_apollo_blue_1380_resized.jpg","type":"image\/jpeg"}],"twitter_card":"summary_large_image","schema":{"@context":"https:\/\/schema.org","@graph":[{"@type":"WebPage","@id":"https:\/\/www.apolloblue.gr\/de\/experiences\/","url":"https:\/\/www.apolloblue.gr\/de\/experiences\/","name":"Das Apollo Erlebnis | Apollo Blue Resort","isPartOf":{"@id":"https:\/\/www.apolloblue.gr\/de\/#website"},"primaryImageOfPage":{"@id":"https:\/\/www.apolloblue.gr\/de\/experiences\/#primaryimage"},"image":{"@id":"https:\/\/www.apolloblue.gr\/de\/experiences\/#primaryimage"},"thumbnailUrl":"https:\/\/www.apolloblue.gr\/app\/uploads\/sites\/45\/2020\/02\/sentido_apollo_blue_1380_resized.jpg","datePublished":"2020-02-13T11:38:27+00:00","dateModified":"2020-11-24T11:15:22+00:00","breadcrumb":{"@id":"https:\/\/www.apolloblue.gr\/de\/experiences\/#breadcrumb"},"inLanguage":"de","potentialAction":[{"@type":"ReadAction","target":["https:\/\/www.apolloblue.gr\/de\/experiences\/"]}]},{"@type":"ImageObject","inLanguage":"de","@id":"https:\/\/www.apolloblue.gr\/de\/experiences\/#primaryimage","url":"https:\/\/www.apolloblue.gr\/app\/uploads\/sites\/45\/2020\/02\/sentido_apollo_blue_1380_resized.jpg","contentUrl":"https:\/\/www.apolloblue.gr\/app\/uploads\/sites\/45\/2020\/02\/sentido_apollo_blue_1380_resized.jpg","width":1920,"height":1281},{"@type":"BreadcrumbList","@id":"https:\/\/www.apolloblue.gr\/de\/experiences\/#breadcrumb","itemListElement":[{"@type":"ListItem","position":1,"name":"Home","item":"https:\/\/www.apolloblue.gr\/de\/"},{"@type":"ListItem","position":2,"name":"Das Apollo Erlebnis"}]},{"@type":"WebSite","@id":"https:\/\/www.apolloblue.gr\/de\/#website","url":"https:\/\/www.apolloblue.gr\/de\/","name":"Apollo Blue Hotel","description":"Check into a heavenly place. Surrender to the feeling of absolute exaltation that Apollo Blue&#039;s 5 star hotel in Rhodes provides.","potentialAction":[{"@type":"SearchAction","target":{"@type":"EntryPoint","urlTemplate":"https:\/\/www.apolloblue.gr\/de\/?s={search_term_string}"},"query-input":{"@type":"PropertyValueSpecification","valueRequired":true,"valueName":"search_term_string"}}],"inLanguage":"de"}]}},"_links":{"self":[{"href":"https:\/\/www.apolloblue.gr\/de\/wp-json\/wp\/v2\/pages\/1415","targetHints":{"allow":["GET"]}}],"collection":[{"href":"https:\/\/www.apolloblue.gr\/de\/wp-json\/wp\/v2\/pages"}],"about":[{"href":"https:\/\/www.apolloblue.gr\/de\/wp-json\/wp\/v2\/types\/page"}],"author":[{"embeddable":true,"href":"https:\/\/www.apolloblue.gr\/de\/wp-json\/wp\/v2\/users\/1"}],"replies":[{"embeddable":true,"href":"https:\/\/www.apolloblue.gr\/de\/wp-json\/wp\/v2\/comments?post=1415"}],"version-history":[{"count":7,"href":"https:\/\/www.apolloblue.gr\/de\/wp-json\/wp\/v2\/pages\/1415\/revisions"}],"predecessor-version":[{"id":1502,"href":"https:\/\/www.apolloblue.gr\/de\/wp-json\/wp\/v2\/pages\/1415\/revisions\/1502"}],"wp:featuredmedia":[{"embeddable":true,"href":"https:\/\/www.apolloblue.gr\/de\/wp-json\/wp\/v2\/media\/1092"}],"wp:attachment":[{"href":"https:\/\/www.apolloblue.gr\/de\/wp-json\/wp\/v2\/media?parent=1415"}],"curies":[{"name":"wp","href":"https:\/\/api.w.org\/{rel}","templated":true}]}}