{"id":1484,"date":"2020-04-08T17:59:58","date_gmt":"2020-04-08T14:59:58","guid":{"rendered":"https:\/\/www.apolloblue.gr\/travel-information-covid-19\/"},"modified":"2022-03-28T17:39:58","modified_gmt":"2022-03-28T14:39:58","slug":"travel-information-covid-19","status":"publish","type":"page","link":"https:\/\/www.apolloblue.gr\/de\/travel-information-covid-19\/","title":{"rendered":"Reiseinformationen: COVID-19"},"content":{"rendered":"<h4 style=\"text-align: center;\"><strong>Update f\u00fcr die Sommersaison 2022<\/strong><\/h4>\n<p>Liebe G\u00e4ste<\/p>\n<p>Wir freuen uns, Ihnen mitteilen zu k\u00f6nnen, dass der 1. April das Datum ist, an dem wir offiziell unsere T\u00fcren f\u00fcr die Sommersaison 2022 \u00f6ffnen, und wir freuen uns darauf, Sie wieder zu einem fantastischen Gastfreundschaftserlebnis im Apollo Blue Hotel im sonnigen Rhodos begr\u00fc\u00dfen zu d\u00fcrfen.<\/p>\n<p>Da wir dieses Jahr allm\u00e4hlich zu einem normalen Leben zur\u00fcckkehren und die neuen Gesundheitsrichtlinien der EU und der griechischen Regierung befolgen, haben wir unser <a href=\"https:\/\/www.apolloblue.gr\/de\/health-and-safety\/\">Gesundheits- und Sicherheitsprotokoll<\/a> f\u00fcr 2022 aktualisiert.<\/p>\n<p>Ihre Sicherheit war schon immer unsere Priorit\u00e4t. Mit der Zuversicht unserer langj\u00e4hrigen Erfahrung im sicheren Betrieb w\u00e4hrend der Covid-Pandemie, die Tausenden unserer G\u00e4ste einen sicheren Aufenthalt bietet, k\u00f6nnen wir Ihnen allen, unseren G\u00e4sten im Jahr 2022, einen unbeschwerten und angenehmen Urlaub garantieren.<\/p>\n<p>In der Zwischenzeit z\u00f6gern Sie bitte nicht, uns bei Bedenken bez\u00fcglich Ihrer bevorstehenden Buchungen oder der oben genannten Ma\u00dfnahmen unter info@apolloblue.gr zu kontaktieren.<\/p>\n<p>Das Management-Team<\/p>\n<p style=\"text-align: center;\"><strong><a href=\"https:\/\/www.apolloblue.gr\/de\/health-and-safety\/\">Aktualisierung der Gesundheits- und Sicherheitsrichtlinien 2022 <\/a><br \/>\n<\/strong><\/p>\n<p><a href=\"https:\/\/www.apolloblue.gr\/de\/health-and-safety\/\"><img loading=\"lazy\" decoding=\"async\" class=\"size-medium wp-image-3072 aligncenter\" src=\"https:\/\/www.apolloblue.gr\/app\/uploads\/sites\/45\/2022\/03\/image_6487327-600x293.jpg\" alt=\"\" width=\"600\" height=\"293\" srcset=\"https:\/\/www.apolloblue.gr\/app\/uploads\/sites\/45\/2022\/03\/image_6487327-600x293.jpg 600w, https:\/\/www.apolloblue.gr\/app\/uploads\/sites\/45\/2022\/03\/image_6487327-900x440.jpg 900w, https:\/\/www.apolloblue.gr\/app\/uploads\/sites\/45\/2022\/03\/image_6487327-768x375.jpg 768w, https:\/\/www.apolloblue.gr\/app\/uploads\/sites\/45\/2022\/03\/image_6487327.jpg 1535w\" sizes=\"auto, (max-width: 600px) 100vw, 600px\" \/><\/a><\/p>\n<p>&nbsp;<\/p>\n<p>&nbsp;<\/p>\n<h4 style=\"text-align: center;\">Wiederer\u00f6ffnung Ihres sicheren Urlaubsparadieses<\/h4>\n<p>W\u00e4hrend der internationale Tourismus wieder aufgenommen wird und die j\u00fcngsten Ank\u00fcndigungen der griechischen Regierung zur offiziellen Er\u00f6ffnung des Tourismus in Griechenland am 14. Mai folgen, \u00f6ffnen wir wieder f\u00fcr den Sommer 2021 und freuen uns, Sie f\u00fcr Ihren lang erwarteten Urlaub im Apollo Blue Hotel auf Rhodos begr\u00fc\u00dfen zu d\u00fcrfen!<\/p>\n<ul>\n<li>Bitte lesen Sie <a href=\"https:\/\/travel.gov.gr\/#\/\"><strong>hier<\/strong><\/a> die neuesten Informationen und Richtlinien zu den Einreisebestimmungen auf der offiziellen Website der griechischen Regierung<\/li>\n<\/ul>\n<p>Wir hei\u00dfen Sie sicher willkommen<\/p>\n<p>Im Jahr 2020 ist es uns gelungen, ein sicheres Umfeld zu schaffen, indem wir unser <a href=\"https:\/\/www.apolloblue.gr\/de\/health-and-safety\/\"><strong>Gesundheits- und Sicherheitsprotokoll<\/strong><\/a> f\u00fcr alle Hotelbetriebe implementiert haben, ohne Kompromisse bei unserer herzlichen Gastfreundschaft einzugehen und Tausenden unserer G\u00e4ste einen unbeschwerten und angenehmen Urlaub zu bieten. In diesem Jahr schafft das erweiterte Gesundheitsprotokoll mit Testeinrichtungen vor Ort eine sichere und gesch\u00fctzte Umgebung f\u00fcr einen unbeschwerten und angenehmen Urlaubsaufenthalt.<\/p>\n<p>Wir m\u00f6chten uns bei Ihnen f\u00fcr die Unterst\u00fctzung, Loyalit\u00e4t und das Vertrauen bedanken, das Sie uns weiterhin entgegenbringen. Wir freuen uns, Sie wieder auf der sonnigen und sicheren Insel Rhodos begr\u00fc\u00dfen zu d\u00fcrfen, um eine erstaunliche Gastfreundschaft im Apollo Blue Hotel zu erleben.<\/p>\n<p>In der Zwischenzeit z\u00f6gern Sie bitte nicht, uns unter info@apolloblue.gr zu kontaktieren, wenn Sie Bedenken bez\u00fcglich Ihrer bevorstehenden Buchungen oder der oben genannten Ma\u00dfnahmen haben<\/p>\n<p>Das Management-Team<\/p>\n<h4 style=\"text-align: center;\">Update, 27 Mai 2020<\/h4>\n<p>An unsere sehr gesch\u00e4tzten G\u00e4ste<\/p>\n<p><strong>Die Sicherheit und Gesundheit unserer G\u00e4ste und Mitarbeiter ist unsere h\u00f6chste Priorit\u00e4t.<\/strong><\/p>\n<p>Nach den neuesten Bestimmungen der griechischen Regierung und der Gesundheitsrichtlinien im Zusammenhang mit COVID-19 nehmen wir ab Anfang Juli 2020 den Betrieb wieder auf. Dabei gew\u00e4hrleisten wir in unseren Hotels die h\u00f6chsten Hygiene- und Sicherheitsstandards \u2013 ohne Abstriche an unserer herzlichen Gastfreundlichkeit.<br \/>\nNachstehend finden Sie die Liste der Gesundheits- und Sicherheitsma\u00dfnahmen, die wir gem\u00e4\u00df dem Protokoll f\u00fcr Hotelhygiene, das die griechische Regierung im Einklang mit der<\/p>\n<p>Weltgesundheitsorganisation (WTO) erlassen hat, ergriffen haben:<\/p>\n<ul>\n<li>Gesundheits\u00fcberwachung unserer Mitarbeiter durch t\u00e4gliche Temperaturmessung und regelm\u00e4\u00dfige COVID-19-Antik\u00f6rpertests.<\/li>\n<li>Kontinuierliche Schulungen unserer Mitarbeiter \u00fcber unsere Hygiene- und Sicherheitsma\u00dfnahmen<\/li>\n<li>Bereitstellung von Mund-Nase-Masken und Handschuhe f\u00fcr alle unsere Mitarbeiter sowie Schulungen zu ihrer korrekten Verwendung<\/li>\n<li>Verst\u00e4rkte Reinigung und Desinfektion aller stark frequentierten Bereiche und G\u00e4stezimmer<\/li>\n<li>Desinfektionsspender f\u00fcr unsere G\u00e4ste in allen \u00f6ffentlichen Bereichen<\/li>\n<li>Einfacher, schneller Check-in-\/Check-out sowie die M\u00f6glichkeit des Online-Check-ins \u00fcber unsere Hotel-Website<\/li>\n<li>Hohe Lebensmittelsicherheitsstandards auf Basis unseres HACCP-Konzepts (Konzept zur Gew\u00e4hrleistung unbedenklicher Lebensmittel)<\/li>\n<li>Erweiterte \u00d6ffnungszeiten der gastronomischen Bereiche zur Gew\u00e4hrleistung eines gro\u00dfz\u00fcgigen Zeit- und Raumangebots f\u00fcr Fr\u00fchst\u00fcck, Mittag- und Abendessen<\/li>\n<li>Regelungen zur Wahrung der sozialen Distanz in unseren Freizeitanlagen, Pools und am Strand<\/li>\n<li>Medizinischer 24-Stunden-Bereitschaftsdienst als besondere Gesundheitsf\u00fcrsorge-Service f\u00fcr unsere G\u00e4ste<\/li>\n<\/ul>\n<h4 style=\"text-align: center;\"><a href=\"https:\/\/www.apolloblue.gr\/de\/health-and-safety\/\">Klicken Sie f\u00fcr mehr<\/a><\/h4>\n<p><strong>Detaillierte Informationen \u00fcber alle Hygienema\u00dfnahmen und Richtlinien f\u00fcr unsere G\u00e4ste sind an der Rezeption erh\u00e4ltlich, aber auch online und auf speziellen Info-Bildschirmen in verschiedenen Hotelbereichen.<\/strong><\/p>\n<p>Wir streben stets danach, unseren G\u00e4sten und Mitarbeitern eine sichere, offene und einladende Umgebung zu bieten und haben zahlreiche Auszeichnungen und ISO-Zertifizierungen erworben. In der aktuellen Situation engagieren wir uns ganz besonders, um Ihnen und Ihrer Familie Schutz auf h\u00f6chstem Niveau zu bieten.<\/p>\n<p>Vielen Dank an Sie alle f\u00fcr Ihre fortgesetzte Unterst\u00fctzung. Wir freuen uns, Sie wieder auf unserer sonnenverw\u00f6hnten, sicheren Insel Rhodos zu begr\u00fc\u00dfen und Ihnen einen unvergesslichen Aufenthalt zu bereiten.<\/p>\n<p>Bleiben Sie gesund!<\/p>\n<p>Das Management der Apollo Hotels<\/p>\n<p style=\"text-align: left;\">\n","protected":false},"excerpt":{"rendered":"<p>Update f\u00fcr die Sommersaison 2022 Liebe G\u00e4ste Wir freuen uns, Ihnen mitteilen zu k\u00f6nnen, dass der 1. April das Datum ist, an dem wir offiziell<\/p>\n","protected":false},"author":1,"featured_media":0,"parent":0,"menu_order":0,"comment_status":"closed","ping_status":"closed","template":"page-templates\/gdpr.php","meta":{"_acf_changed":false,"footnotes":""},"class_list":["post-1484","page","type-page","status-publish","hentry"],"acf":[],"yoast_head":"<!-- This site is optimized with the Yoast SEO plugin v27.5 - https:\/\/yoast.com\/product\/yoast-seo-wordpress\/ -->\n<title>Reiseinformationen: COVID-19 - Apollo Blue Hotel<\/title>\n<meta name=\"robots\" content=\"index, follow, max-snippet:-1, max-image-preview:large, max-video-preview:-1\" \/>\n<link rel=\"canonical\" href=\"https:\/\/www.apolloblue.gr\/de\/travel-information-covid-19\/\" \/>\n<meta property=\"og:locale\" content=\"de_DE\" \/>\n<meta property=\"og:type\" content=\"article\" \/>\n<meta property=\"og:title\" content=\"Reiseinformationen: COVID-19 - Apollo Blue Hotel\" \/>\n<meta property=\"og:description\" content=\"Update f\u00fcr die Sommersaison 2022 Liebe G\u00e4ste Wir freuen uns, Ihnen mitteilen zu k\u00f6nnen, dass der 1. April das Datum ist, an dem wir offiziell\" \/>\n<meta property=\"og:url\" content=\"https:\/\/www.apolloblue.gr\/de\/travel-information-covid-19\/\" \/>\n<meta property=\"og:site_name\" content=\"Apollo Blue Hotel\" \/>\n<meta property=\"article:modified_time\" content=\"2022-03-28T14:39:58+00:00\" \/>\n<meta property=\"og:image\" content=\"https:\/\/www.apolloblue.gr\/app\/uploads\/sites\/45\/2022\/03\/image_6487327-600x293.jpg\" \/>\n<meta name=\"twitter:card\" content=\"summary_large_image\" \/>\n<meta name=\"twitter:label1\" content=\"Gesch\u00e4tzte Lesezeit\" \/>\n\t<meta name=\"twitter:data1\" content=\"4\u00a0Minuten\" \/>\n<!-- \/ Yoast SEO plugin. -->","yoast_head_json":{"title":"Reiseinformationen: COVID-19 - Apollo Blue Hotel","robots":{"index":"index","follow":"follow","max-snippet":"max-snippet:-1","max-image-preview":"max-image-preview:large","max-video-preview":"max-video-preview:-1"},"canonical":"https:\/\/www.apolloblue.gr\/de\/travel-information-covid-19\/","og_locale":"de_DE","og_type":"article","og_title":"Reiseinformationen: COVID-19 - Apollo Blue Hotel","og_description":"Update f\u00fcr die Sommersaison 2022 Liebe G\u00e4ste Wir freuen uns, Ihnen mitteilen zu k\u00f6nnen, dass der 1. April das Datum ist, an dem wir offiziell","og_url":"https:\/\/www.apolloblue.gr\/de\/travel-information-covid-19\/","og_site_name":"Apollo Blue Hotel","article_modified_time":"2022-03-28T14:39:58+00:00","og_image":[{"url":"https:\/\/www.apolloblue.gr\/app\/uploads\/sites\/45\/2022\/03\/image_6487327-600x293.jpg","type":"","width":"","height":""}],"twitter_card":"summary_large_image","twitter_misc":{"Gesch\u00e4tzte Lesezeit":"4\u00a0Minuten"},"schema":{"@context":"https:\/\/schema.org","@graph":[{"@type":"WebPage","@id":"https:\/\/www.apolloblue.gr\/de\/travel-information-covid-19\/","url":"https:\/\/www.apolloblue.gr\/de\/travel-information-covid-19\/","name":"Reiseinformationen: COVID-19 - Apollo Blue Hotel","isPartOf":{"@id":"https:\/\/www.apolloblue.gr\/de\/#website"},"primaryImageOfPage":{"@id":"https:\/\/www.apolloblue.gr\/de\/travel-information-covid-19\/#primaryimage"},"image":{"@id":"https:\/\/www.apolloblue.gr\/de\/travel-information-covid-19\/#primaryimage"},"thumbnailUrl":"https:\/\/www.apolloblue.gr\/app\/uploads\/sites\/45\/2022\/03\/image_6487327-600x293.jpg","datePublished":"2020-04-08T14:59:58+00:00","dateModified":"2022-03-28T14:39:58+00:00","breadcrumb":{"@id":"https:\/\/www.apolloblue.gr\/de\/travel-information-covid-19\/#breadcrumb"},"inLanguage":"de","potentialAction":[{"@type":"ReadAction","target":["https:\/\/www.apolloblue.gr\/de\/travel-information-covid-19\/"]}]},{"@type":"ImageObject","inLanguage":"de","@id":"https:\/\/www.apolloblue.gr\/de\/travel-information-covid-19\/#primaryimage","url":"https:\/\/www.apolloblue.gr\/app\/uploads\/sites\/45\/2022\/03\/image_6487327-600x293.jpg","contentUrl":"https:\/\/www.apolloblue.gr\/app\/uploads\/sites\/45\/2022\/03\/image_6487327-600x293.jpg"},{"@type":"BreadcrumbList","@id":"https:\/\/www.apolloblue.gr\/de\/travel-information-covid-19\/#breadcrumb","itemListElement":[{"@type":"ListItem","position":1,"name":"Home","item":"https:\/\/www.apolloblue.gr\/de\/"},{"@type":"ListItem","position":2,"name":"Reiseinformationen: COVID-19"}]},{"@type":"WebSite","@id":"https:\/\/www.apolloblue.gr\/de\/#website","url":"https:\/\/www.apolloblue.gr\/de\/","name":"Apollo Blue Hotel","description":"Check into a heavenly place. Surrender to the feeling of absolute exaltation that Apollo Blue&#039;s 5 star hotel in Rhodes provides.","potentialAction":[{"@type":"SearchAction","target":{"@type":"EntryPoint","urlTemplate":"https:\/\/www.apolloblue.gr\/de\/?s={search_term_string}"},"query-input":{"@type":"PropertyValueSpecification","valueRequired":true,"valueName":"search_term_string"}}],"inLanguage":"de"}]}},"_links":{"self":[{"href":"https:\/\/www.apolloblue.gr\/de\/wp-json\/wp\/v2\/pages\/1484","targetHints":{"allow":["GET"]}}],"collection":[{"href":"https:\/\/www.apolloblue.gr\/de\/wp-json\/wp\/v2\/pages"}],"about":[{"href":"https:\/\/www.apolloblue.gr\/de\/wp-json\/wp\/v2\/types\/page"}],"author":[{"embeddable":true,"href":"https:\/\/www.apolloblue.gr\/de\/wp-json\/wp\/v2\/users\/1"}],"replies":[{"embeddable":true,"href":"https:\/\/www.apolloblue.gr\/de\/wp-json\/wp\/v2\/comments?post=1484"}],"version-history":[{"count":17,"href":"https:\/\/www.apolloblue.gr\/de\/wp-json\/wp\/v2\/pages\/1484\/revisions"}],"predecessor-version":[{"id":3089,"href":"https:\/\/www.apolloblue.gr\/de\/wp-json\/wp\/v2\/pages\/1484\/revisions\/3089"}],"wp:attachment":[{"href":"https:\/\/www.apolloblue.gr\/de\/wp-json\/wp\/v2\/media?parent=1484"}],"curies":[{"name":"wp","href":"https:\/\/api.w.org\/{rel}","templated":true}]}}